{"id":4002,"date":"2025-07-31T15:10:11","date_gmt":"2025-07-31T15:10:11","guid":{"rendered":"https:\/\/coraliechannelingart.com\/product\/baum-des-lebens-hueter-des-lichts\/"},"modified":"2026-05-10T09:11:21","modified_gmt":"2026-05-10T09:11:21","slug":"baum-des-lebens-hueter-des-lichts","status":"publish","type":"product","link":"https:\/\/coraliechannelingart.com\/de\/produkt\/baum-des-lebens-hueter-des-lichts\/","title":{"rendered":"Baum des Lebens \u2013 H\u00fcter des Lichts"},"content":{"rendered":"<p>[et_pb_section fb_built=&#8220;1&#8243; _builder_version=&#8220;4.16&#8243; custom_padding=&#8220;0px||||false|false&#8220; da_disable_devices=&#8220;off|off|off&#8220; global_colors_info=&#8220;{}&#8220; da_is_popup=&#8220;off&#8220; da_exit_intent=&#8220;off&#8220; da_has_close=&#8220;on&#8220; da_alt_close=&#8220;off&#8220; da_dark_close=&#8220;off&#8220; da_not_modal=&#8220;on&#8220; da_is_singular=&#8220;off&#8220; da_with_loader=&#8220;off&#8220; da_has_shadow=&#8220;on&#8220;][et_pb_row _builder_version=&#8220;4.16&#8243; background_size=&#8220;initial&#8220; background_position=&#8220;top_left&#8220; background_repeat=&#8220;repeat&#8220; width=&#8220;100%&#8220; custom_padding=&#8220;0px||0px||false|false&#8220; global_colors_info=&#8220;{}&#8220;][et_pb_column type=&#8220;4_4&#8243; _builder_version=&#8220;4.16&#8243; custom_padding=&#8220;|||&#8220; global_colors_info=&#8220;{}&#8220; custom_padding__hover=&#8220;|||&#8220;][et_pb_wc_breadcrumb _builder_version=&#8220;4.16&#8243; global_colors_info=&#8220;{}&#8220;][\/et_pb_wc_breadcrumb][et_pb_wc_cart_notice _builder_version=&#8220;4.16&#8243; global_colors_info=&#8220;{}&#8220;][\/et_pb_wc_cart_notice][\/et_pb_column][\/et_pb_row][et_pb_row column_structure=&#8220;1_2,1_2&#8243; _builder_version=&#8220;4.16&#8243; background_size=&#8220;initial&#8220; background_position=&#8220;top_left&#8220; background_repeat=&#8220;repeat&#8220; width=&#8220;100%&#8220; custom_padding=&#8220;0px||||false|false&#8220; global_colors_info=&#8220;{}&#8220;][et_pb_column type=&#8220;1_2&#8243; _builder_version=&#8220;4.16&#8243; custom_padding=&#8220;|||&#8220; global_colors_info=&#8220;{}&#8220; custom_padding__hover=&#8220;|||&#8220;][et_pb_wc_images _builder_version=&#8220;4.16&#8243; global_colors_info=&#8220;{}&#8220;][\/et_pb_wc_images][\/et_pb_column][et_pb_column type=&#8220;1_2&#8243; _builder_version=&#8220;4.16&#8243; custom_padding=&#8220;|||&#8220; global_colors_info=&#8220;{}&#8220; custom_padding__hover=&#8220;|||&#8220;][et_pb_wc_title _builder_version=&#8220;4.16&#8243; global_colors_info=&#8220;{}&#8220;][\/et_pb_wc_title][et_pb_wc_rating _builder_version=&#8220;4.16&#8243; global_colors_info=&#8220;{}&#8220;][\/et_pb_wc_rating][et_pb_wc_price _builder_version=&#8220;4.16&#8243; global_colors_info=&#8220;{}&#8220;][\/et_pb_wc_price][et_pb_wc_description _builder_version=&#8220;4.16&#8243; global_colors_info=&#8220;{}&#8220;][\/et_pb_wc_description][et_pb_wc_add_to_cart _builder_version=&#8220;4.16&#8243; global_colors_info=&#8220;{}&#8220;][\/et_pb_wc_add_to_cart][et_pb_wc_meta _builder_version=&#8220;4.16&#8243; global_colors_info=&#8220;{}&#8220;][\/et_pb_wc_meta][\/et_pb_column][\/et_pb_row][et_pb_row _builder_version=&#8220;4.16&#8243; background_size=&#8220;initial&#8220; background_position=&#8220;top_left&#8220; background_repeat=&#8220;repeat&#8220; width=&#8220;100%&#8220; global_colors_info=&#8220;{}&#8220;][et_pb_column type=&#8220;4_4&#8243; _builder_version=&#8220;4.16&#8243; custom_padding=&#8220;|||&#8220; global_colors_info=&#8220;{}&#8220; custom_padding__hover=&#8220;|||&#8220;][et_pb_wc_tabs _builder_version=&#8220;4.16&#8243; global_colors_info=&#8220;{}&#8220;]\t\t\t\t\t[\/et_pb_wc_tabs][et_pb_wc_upsells _builder_version=&#8220;4.16&#8243; global_colors_info=&#8220;{}&#8220;][\/et_pb_wc_upsells][et_pb_wc_related_products _builder_version=&#8220;4.16&#8243; global_colors_info=&#8220;{}&#8220;][\/et_pb_wc_related_products][\/et_pb_column][\/et_pb_row][\/et_pb_section]<\/p>\n","protected":false},"excerpt":{"rendered":"<p>Dieser Baum des Lebens vereint Tigerauge, wei\u00dfen Quarz und wei\u00dfe Perlen, um Vertrauen, Stabilit\u00e4t und geistige Klarheit zu f\u00f6rdern.<br \/>Er ist ideal f\u00fcr Menschen, die ihren Weg gelassener gehen, die Herausforderungen des Alltags besser meistern und ihre innere Energie st\u00e4rken m\u00f6chten. <\/p>\n","protected":false},"featured_media":3921,"template":"","meta":{"_acf_changed":false,"_et_pb_use_builder":"on","_et_pb_old_content":"<p style=\"text-align: center\" data-start=\"3440\" data-end=\"3758\">L\u2019Arbre de Vie \u00ab Gardien de Lumi\u00e8re \u00bb est con\u00e7u pour celles et ceux qui souhaitent renforcer leur stabilit\u00e9 int\u00e9rieure, retrouver une vision plus claire et se sentir soutenus dans les moments de r\u00e9flexion ou de transition. Il aide \u00e0 cr\u00e9er un environnement plus organis\u00e9, plus serein et propice aux d\u00e9cisions \u00e9clair\u00e9es.<\/p>\r\n<p style=\"text-align: center\" data-start=\"3760\" data-end=\"4110\">L\u2019\u0152il de Tigre apporte une \u00e9nergie de confiance et de protection, id\u00e9ale lorsque l\u2019on doit faire face \u00e0 des choix importants ou surmonter des p\u00e9riodes d\u2019incertitude. Le Quartz blanc clarifie les pens\u00e9es, am\u00e9liore la concentration et aide \u00e0 structurer les id\u00e9es. Les Perles blanches adoucissent les \u00e9motions et favorisent un climat calme et rassurant.<\/p>\r\n<p style=\"text-align: center\" data-start=\"4112\" data-end=\"4338\">Fabriqu\u00e9 \u00e0 la main et pos\u00e9 sur un socle bois-r\u00e9sine, cet Arbre de Vie allie esth\u00e9tisme et fonctionnalit\u00e9. Il devient un point d\u2019appui visuel et \u00e9nerg\u00e9tique dans votre espace, soutenant vos projets et votre bien-\u00eatre quotidien.<\/p>\r\n<p style=\"text-align: center\" data-start=\"4112\" data-end=\"4338\">\ud83d\udc8e Confiance \u2022 \ud83d\udc8e Clart\u00e9 mentale \u2022 \ud83d\udc8e Protection int\u00e9rieure \u2022 \ud83d\udc8e Stabilit\u00e9 \u00e9motionnelle \u2022 \ud83d\udc8e Ancrage<\/p>","_et_gb_content_width":""},"product_brand":[],"product_cat":[45],"product_tag":[],"class_list":{"0":"post-4002","1":"product","2":"type-product","3":"status-publish","4":"has-post-thumbnail","6":"product_cat-arbres-de-vie","7":"pa_influence-vibratoire-ancrage","8":"pa_influence-vibratoire-clarte","9":"pa_influence-vibratoire-douceur","10":"pa_influence-vibratoire-protection","11":"pa_pierres-utilisees-perles","12":"pa_pierres-utilisees-oeil-de-tigre","13":"pa_pierres-utilisees-quartz-blanc","15":"first","16":"instock","17":"sold-individually","18":"shipping-taxable","19":"purchasable","20":"product-type-simple"},"acf":[],"_links":{"self":[{"href":"https:\/\/coraliechannelingart.com\/de\/wp-json\/wp\/v2\/product\/4002","targetHints":{"allow":["GET"]}}],"collection":[{"href":"https:\/\/coraliechannelingart.com\/de\/wp-json\/wp\/v2\/product"}],"about":[{"href":"https:\/\/coraliechannelingart.com\/de\/wp-json\/wp\/v2\/types\/product"}],"wp:featuredmedia":[{"embeddable":true,"href":"https:\/\/coraliechannelingart.com\/de\/wp-json\/wp\/v2\/media\/3921"}],"wp:attachment":[{"href":"https:\/\/coraliechannelingart.com\/de\/wp-json\/wp\/v2\/media?parent=4002"}],"wp:term":[{"taxonomy":"product_brand","embeddable":true,"href":"https:\/\/coraliechannelingart.com\/de\/wp-json\/wp\/v2\/product_brand?post=4002"},{"taxonomy":"product_cat","embeddable":true,"href":"https:\/\/coraliechannelingart.com\/de\/wp-json\/wp\/v2\/product_cat?post=4002"},{"taxonomy":"product_tag","embeddable":true,"href":"https:\/\/coraliechannelingart.com\/de\/wp-json\/wp\/v2\/product_tag?post=4002"}],"curies":[{"name":"wp","href":"https:\/\/api.w.org\/{rel}","templated":true}]}}