{"id":6204,"date":"2025-12-02T09:35:41","date_gmt":"2025-12-02T09:35:41","guid":{"rendered":"https:\/\/coraliechannelingart.com\/blog\/"},"modified":"2026-01-06T07:55:30","modified_gmt":"2026-01-06T07:55:30","slug":"blog","status":"publish","type":"page","link":"https:\/\/coraliechannelingart.com\/de\/blog\/","title":{"rendered":"Blog"},"content":{"rendered":"<p>[et_pb_section fb_built=&#8220;1&#8243; _builder_version=&#8220;4.27.4&#8243; _module_preset=&#8220;default&#8220; da_disable_devices=&#8220;off|off|off&#8220; global_colors_info=&#8220;{}&#8220; da_is_popup=&#8220;off&#8220; da_exit_intent=&#8220;off&#8220; da_has_close=&#8220;on&#8220; da_alt_close=&#8220;off&#8220; da_dark_close=&#8220;off&#8220; da_not_modal=&#8220;on&#8220; da_is_singular=&#8220;off&#8220; da_with_loader=&#8220;off&#8220; da_has_shadow=&#8220;on&#8220;][et_pb_row _builder_version=&#8220;4.27.4&#8243; _module_preset=&#8220;default&#8220; global_colors_info=&#8220;{}&#8220;][et_pb_column type=&#8220;4_4&#8243; _builder_version=&#8220;4.27.4&#8243; _module_preset=&#8220;default&#8220; global_colors_info=&#8220;{}&#8220;][et_pb_text _builder_version=&#8220;4.27.4&#8243; _module_preset=&#8220;default&#8220; global_colors_info=&#8220;{}&#8220;]<\/p>\n<h1 style=\"text-align: center;\">Blog Coralie Channeling Art<\/h1>\n<p>[\/et_pb_text][et_pb_text _builder_version=&#8220;4.27.4&#8243; _module_preset=&#8220;default&#8220; global_colors_info=&#8220;{}&#8220;]<\/p>\n<p data-path-to-node=\"4\">Mein Weg \u2013 gepr\u00e4gt von Ersch\u00f6pfung, Perfektionismus und tiefgreifenden \u00dcbergangsphasen \u2013 bildet das Fundament meiner Methode.<\/p>\n<p data-path-to-node=\"4\">Hier finden Sie die Artikel, die ich mir in den schwierigen Momenten meines Lebens gew\u00fcnscht h\u00e4tte.<br \/>Ich teile mit Ihnen konkrete Impulse, um Ihre Blockaden zu verstehen und Sie auf Ihrem Weg zu einem Leben zu begleiten, das wirklich zu Ihnen passt. <\/p>\n<p>[\/et_pb_text][\/et_pb_column][\/et_pb_row][et_pb_row column_structure=&#8220;1_3,1_3,1_3&#8243; use_custom_gutter=&#8220;on&#8220; gutter_width=&#8220;2&#8243; make_equal=&#8220;on&#8220; _builder_version=&#8220;4.27.4&#8243; _module_preset=&#8220;default&#8220; hover_enabled=&#8220;0&#8243; global_colors_info=&#8220;{}&#8220; sticky_enabled=&#8220;0&#8243;][et_pb_column type=&#8220;1_3&#8243; module_class=&#8220;pa-hover-text-wrapper&#8220; _builder_version=&#8220;4.27.4&#8243; _module_preset=&#8220;default&#8220; custom_css_free_form=&#8220;.pa-hover-text-wrapper:hover img {||    transform: scale(1.1);||    transition: all 500ms;||}||||.pa-hover-text-wrapper img {||    transition: all 500ms;||}&#8220; global_colors_info=&#8220;{}&#8220;][et_pb_blog fullwidth=&#8220;off&#8220; posts_number=&#8220;1&#8243; excerpt_length=&#8220;180&#8243; show_author=&#8220;off&#8220; show_date=&#8220;off&#8220; show_categories=&#8220;off&#8220; show_pagination=&#8220;off&#8220; _builder_version=&#8220;4.27.4&#8243; _module_preset=&#8220;default&#8220; header_font=&#8220;||||||||&#8220; header_text_color=&#8220;#0397F4&#8243; height_tablet=&#8220;&#8220; height_phone=&#8220;&#8220; height_last_edited=&#8220;on|desktop&#8220; overflow-x=&#8220;hidden&#8220; overflow-y=&#8220;hidden&#8220; animation_style=&#8220;slide&#8220; animation_direction=&#8220;bottom&#8220; animation_intensity_slide=&#8220;10%&#8220; hover_transition_duration=&#8220;950ms&#8220; scroll_vertical_motion_enable=&#8220;off&#8220; header_font_size_tablet=&#8220;&#8220; header_font_size_phone=&#8220;19px&#8220; header_font_size_last_edited=&#8220;on|phone&#8220; global_colors_info=&#8220;{}&#8220; border_radii_image__hover_enabled=&#8220;on|hover&#8220; width__hover_enabled=&#8220;off|hover&#8220; header_font_size__hover_enabled=&#8220;off|hover&#8220; header_text_color__hover_enabled=&#8220;on|hover&#8220; header_text_color__hover=&#8220;#0397F4&#8243;][\/et_pb_blog][\/et_pb_column][et_pb_column type=&#8220;1_3&#8243; module_class=&#8220;pa-hover-text-wrapper&#8220; _builder_version=&#8220;4.27.4&#8243; _module_preset=&#8220;default&#8220; global_colors_info=&#8220;{}&#8220;][et_pb_blog fullwidth=&#8220;off&#8220; posts_number=&#8220;1&#8243; excerpt_length=&#8220;180&#8243; show_author=&#8220;off&#8220; show_date=&#8220;off&#8220; show_categories=&#8220;off&#8220; show_pagination=&#8220;off&#8220; offset_number=&#8220;1&#8243; _builder_version=&#8220;4.27.4&#8243; _module_preset=&#8220;default&#8220; header_font=&#8220;||||||||&#8220; header_text_color=&#8220;#0397F4&#8243; overflow-x=&#8220;hidden&#8220; overflow-y=&#8220;hidden&#8220; animation_style=&#8220;slide&#8220; animation_direction=&#8220;bottom&#8220; animation_duration=&#8220;1200ms&#8220; animation_intensity_slide=&#8220;10%&#8220; hover_transition_duration=&#8220;950ms&#8220; scroll_vertical_motion_enable=&#8220;off&#8220; header_font_size_tablet=&#8220;&#8220; header_font_size_phone=&#8220;19px&#8220; header_font_size_last_edited=&#8220;on|phone&#8220; global_colors_info=&#8220;{}&#8220; border_radii_image__hover_enabled=&#8220;on|hover&#8220; width__hover_enabled=&#8220;off|hover&#8220; header_font_size__hover_enabled=&#8220;off|hover&#8220; header_text_color__hover_enabled=&#8220;on|hover&#8220; header_text_color__hover=&#8220;#0397F4&#8243;][\/et_pb_blog][\/et_pb_column][et_pb_column type=&#8220;1_3&#8243; module_class=&#8220;pa-hover-text-wrapper&#8220; _builder_version=&#8220;4.27.4&#8243; _module_preset=&#8220;default&#8220; global_colors_info=&#8220;{}&#8220;][et_pb_blog fullwidth=&#8220;off&#8220; posts_number=&#8220;1&#8243; excerpt_length=&#8220;180&#8243; show_author=&#8220;off&#8220; show_date=&#8220;off&#8220; show_categories=&#8220;off&#8220; show_pagination=&#8220;off&#8220; offset_number=&#8220;2&#8243; _builder_version=&#8220;4.27.4&#8243; _module_preset=&#8220;default&#8220; header_font=&#8220;||||||||&#8220; header_text_color=&#8220;#0397F4&#8243; overflow-x=&#8220;hidden&#8220; overflow-y=&#8220;hidden&#8220; animation_style=&#8220;slide&#8220; animation_direction=&#8220;bottom&#8220; animation_duration=&#8220;1400ms&#8220; animation_intensity_slide=&#8220;10%&#8220; hover_transition_duration=&#8220;950ms&#8220; scroll_vertical_motion_enable=&#8220;off&#8220; header_font_size_tablet=&#8220;&#8220; header_font_size_phone=&#8220;19px&#8220; header_font_size_last_edited=&#8220;on|phone&#8220; global_colors_info=&#8220;{}&#8220; border_radii_image__hover_enabled=&#8220;on|hover&#8220; width__hover_enabled=&#8220;off|hover&#8220; header_font_size__hover_enabled=&#8220;off|hover&#8220; header_text_color__hover_enabled=&#8220;on|hover&#8220; header_text_color__hover=&#8220;#0397F4&#8243;][\/et_pb_blog][\/et_pb_column][\/et_pb_row][et_pb_row column_structure=&#8220;1_3,1_3,1_3&#8243; use_custom_gutter=&#8220;on&#8220; gutter_width=&#8220;2&#8243; make_equal=&#8220;on&#8220; _builder_version=&#8220;4.27.4&#8243; _module_preset=&#8220;default&#8220; hover_enabled=&#8220;0&#8243; global_colors_info=&#8220;{}&#8220; sticky_enabled=&#8220;0&#8243;][et_pb_column type=&#8220;1_3&#8243; module_class=&#8220;pa-hover-text-wrapper&#8220; _builder_version=&#8220;4.27.4&#8243; _module_preset=&#8220;default&#8220; custom_css_free_form=&#8220;.pa-hover-text-wrapper:hover img {||    transform: scale(1.1);||    transition: all 500ms;||}||||.pa-hover-text-wrapper img {||    transition: all 500ms;||}&#8220; global_colors_info=&#8220;{}&#8220;][et_pb_blog fullwidth=&#8220;off&#8220; posts_number=&#8220;1&#8243; excerpt_length=&#8220;180&#8243; show_author=&#8220;off&#8220; show_date=&#8220;off&#8220; show_categories=&#8220;off&#8220; show_pagination=&#8220;off&#8220; offset_number=&#8220;3&#8243; _builder_version=&#8220;4.27.4&#8243; _module_preset=&#8220;default&#8220; header_font=&#8220;||||||||&#8220; header_text_color=&#8220;#0397F4&#8243; overflow-x=&#8220;hidden&#8220; overflow-y=&#8220;hidden&#8220; animation_style=&#8220;slide&#8220; animation_direction=&#8220;bottom&#8220; animation_intensity_slide=&#8220;10%&#8220; hover_transition_duration=&#8220;950ms&#8220; scroll_vertical_motion_enable=&#8220;off&#8220; header_font_size_tablet=&#8220;&#8220; header_font_size_phone=&#8220;19px&#8220; header_font_size_last_edited=&#8220;on|phone&#8220; global_colors_info=&#8220;{}&#8220; border_radii_image__hover_enabled=&#8220;on|hover&#8220; width__hover_enabled=&#8220;off|hover&#8220; header_font_size__hover_enabled=&#8220;off|hover&#8220; header_text_color__hover_enabled=&#8220;on|hover&#8220; header_text_color__hover=&#8220;#0397F4&#8243;][\/et_pb_blog][\/et_pb_column][et_pb_column type=&#8220;1_3&#8243; module_class=&#8220;pa-hover-text-wrapper&#8220; _builder_version=&#8220;4.27.4&#8243; _module_preset=&#8220;default&#8220; global_colors_info=&#8220;{}&#8220;][et_pb_blog fullwidth=&#8220;off&#8220; posts_number=&#8220;1&#8243; excerpt_length=&#8220;180&#8243; show_author=&#8220;off&#8220; show_date=&#8220;off&#8220; show_categories=&#8220;off&#8220; show_pagination=&#8220;off&#8220; offset_number=&#8220;4&#8243; _builder_version=&#8220;4.27.4&#8243; _module_preset=&#8220;default&#8220; header_font=&#8220;||||||||&#8220; header_text_color=&#8220;#0397F4&#8243; overflow-x=&#8220;hidden&#8220; overflow-y=&#8220;hidden&#8220; animation_style=&#8220;slide&#8220; animation_direction=&#8220;bottom&#8220; animation_duration=&#8220;1200ms&#8220; animation_intensity_slide=&#8220;10%&#8220; hover_transition_duration=&#8220;950ms&#8220; scroll_vertical_motion_enable=&#8220;off&#8220; header_font_size_tablet=&#8220;&#8220; header_font_size_phone=&#8220;19px&#8220; header_font_size_last_edited=&#8220;on|phone&#8220; global_colors_info=&#8220;{}&#8220; border_radii_image__hover_enabled=&#8220;on|hover&#8220; width__hover_enabled=&#8220;off|hover&#8220; header_font_size__hover_enabled=&#8220;off|hover&#8220; header_text_color__hover_enabled=&#8220;on|hover&#8220; header_text_color__hover=&#8220;#0397F4&#8243;][\/et_pb_blog][\/et_pb_column][et_pb_column type=&#8220;1_3&#8243; module_class=&#8220;pa-hover-text-wrapper&#8220; _builder_version=&#8220;4.27.4&#8243; _module_preset=&#8220;default&#8220; global_colors_info=&#8220;{}&#8220;][et_pb_blog fullwidth=&#8220;off&#8220; posts_number=&#8220;1&#8243; excerpt_length=&#8220;180&#8243; show_author=&#8220;off&#8220; show_date=&#8220;off&#8220; show_categories=&#8220;off&#8220; show_pagination=&#8220;off&#8220; offset_number=&#8220;5&#8243; _builder_version=&#8220;4.27.4&#8243; _module_preset=&#8220;default&#8220; header_font=&#8220;||||||||&#8220; header_text_color=&#8220;#0397F4&#8243; overflow-x=&#8220;hidden&#8220; overflow-y=&#8220;hidden&#8220; animation_style=&#8220;slide&#8220; animation_direction=&#8220;bottom&#8220; animation_duration=&#8220;1200ms&#8220; animation_intensity_slide=&#8220;10%&#8220; hover_transition_duration=&#8220;950ms&#8220; scroll_vertical_motion_enable=&#8220;off&#8220; header_font_size_tablet=&#8220;&#8220; header_font_size_phone=&#8220;19px&#8220; header_font_size_last_edited=&#8220;on|phone&#8220; global_colors_info=&#8220;{}&#8220; border_radii_image__hover_enabled=&#8220;on|hover&#8220; width__hover_enabled=&#8220;off|hover&#8220; header_font_size__hover_enabled=&#8220;off|hover&#8220; header_text_color__hover_enabled=&#8220;on|hover&#8220; header_text_color__hover=&#8220;#0397F4&#8243;][\/et_pb_blog][\/et_pb_column][\/et_pb_row][et_pb_row column_structure=&#8220;1_3,1_3,1_3&#8243; use_custom_gutter=&#8220;on&#8220; gutter_width=&#8220;2&#8243; make_equal=&#8220;on&#8220; _builder_version=&#8220;4.27.4&#8243; _module_preset=&#8220;default&#8220; hover_enabled=&#8220;0&#8243; global_colors_info=&#8220;{}&#8220; sticky_enabled=&#8220;0&#8243;][et_pb_column type=&#8220;1_3&#8243; module_class=&#8220;pa-hover-text-wrapper&#8220; _builder_version=&#8220;4.27.4&#8243; _module_preset=&#8220;default&#8220; custom_css_free_form=&#8220;.pa-hover-text-wrapper:hover img {||    transform: scale(1.1);||    transition: all 500ms;||}||||.pa-hover-text-wrapper img {||    transition: all 500ms;||}&#8220; global_colors_info=&#8220;{}&#8220;][et_pb_blog fullwidth=&#8220;off&#8220; posts_number=&#8220;1&#8243; excerpt_length=&#8220;180&#8243; show_author=&#8220;off&#8220; show_date=&#8220;off&#8220; show_categories=&#8220;off&#8220; show_pagination=&#8220;off&#8220; offset_number=&#8220;6&#8243; _builder_version=&#8220;4.27.4&#8243; _module_preset=&#8220;default&#8220; header_font=&#8220;||||||||&#8220; header_text_color=&#8220;#0397F4&#8243; overflow-x=&#8220;hidden&#8220; overflow-y=&#8220;hidden&#8220; animation_style=&#8220;slide&#8220; animation_direction=&#8220;bottom&#8220; animation_intensity_slide=&#8220;10%&#8220; hover_transition_duration=&#8220;950ms&#8220; scroll_vertical_motion_enable=&#8220;off&#8220; header_font_size_tablet=&#8220;&#8220; header_font_size_phone=&#8220;19px&#8220; header_font_size_last_edited=&#8220;on|phone&#8220; global_colors_info=&#8220;{}&#8220; border_radii_image__hover_enabled=&#8220;on|hover&#8220; width__hover_enabled=&#8220;off|hover&#8220; header_font_size__hover_enabled=&#8220;off|hover&#8220; header_text_color__hover_enabled=&#8220;on|hover&#8220; header_text_color__hover=&#8220;#0397F4&#8243;][\/et_pb_blog][\/et_pb_column][et_pb_column type=&#8220;1_3&#8243; module_class=&#8220;pa-hover-text-wrapper&#8220; _builder_version=&#8220;4.27.4&#8243; _module_preset=&#8220;default&#8220; custom_css_free_form=&#8220;.pa-hover-text-wrapper:hover img {||    transform: scale(1.1);||    transition: all 500ms;||}||||.pa-hover-text-wrapper img {||    transition: all 500ms;||}&#8220; global_colors_info=&#8220;{}&#8220;][et_pb_blog fullwidth=&#8220;off&#8220; posts_number=&#8220;1&#8243; excerpt_length=&#8220;180&#8243; show_author=&#8220;off&#8220; show_date=&#8220;off&#8220; show_categories=&#8220;off&#8220; show_pagination=&#8220;off&#8220; offset_number=&#8220;7&#8243; _builder_version=&#8220;4.27.4&#8243; _module_preset=&#8220;default&#8220; header_font=&#8220;||||||||&#8220; header_text_color=&#8220;#0397F4&#8243; overflow-x=&#8220;hidden&#8220; overflow-y=&#8220;hidden&#8220; animation_style=&#8220;slide&#8220; animation_direction=&#8220;bottom&#8220; animation_intensity_slide=&#8220;10%&#8220; hover_transition_duration=&#8220;950ms&#8220; scroll_vertical_motion_enable=&#8220;off&#8220; header_font_size_tablet=&#8220;&#8220; header_font_size_phone=&#8220;19px&#8220; header_font_size_last_edited=&#8220;on|phone&#8220; global_colors_info=&#8220;{}&#8220; border_radii_image__hover_enabled=&#8220;on|hover&#8220; width__hover_enabled=&#8220;off|hover&#8220; header_font_size__hover_enabled=&#8220;off|hover&#8220; header_text_color__hover_enabled=&#8220;on|hover&#8220; header_text_color__hover=&#8220;#0397F4&#8243;][\/et_pb_blog][\/et_pb_column][et_pb_column type=&#8220;1_3&#8243; module_class=&#8220;pa-hover-text-wrapper&#8220; _builder_version=&#8220;4.27.4&#8243; _module_preset=&#8220;default&#8220; custom_css_free_form=&#8220;.pa-hover-text-wrapper:hover img {||    transform: scale(1.1);||    transition: all 500ms;||}||||.pa-hover-text-wrapper img {||    transition: all 500ms;||}&#8220; global_colors_info=&#8220;{}&#8220;][et_pb_blog fullwidth=&#8220;off&#8220; posts_number=&#8220;1&#8243; excerpt_length=&#8220;180&#8243; show_author=&#8220;off&#8220; show_date=&#8220;off&#8220; show_categories=&#8220;off&#8220; show_pagination=&#8220;off&#8220; offset_number=&#8220;8&#8243; _builder_version=&#8220;4.27.4&#8243; _module_preset=&#8220;default&#8220; header_font=&#8220;||||||||&#8220; header_text_color=&#8220;#0397F4&#8243; overflow-x=&#8220;hidden&#8220; overflow-y=&#8220;hidden&#8220; animation_style=&#8220;slide&#8220; animation_direction=&#8220;bottom&#8220; animation_intensity_slide=&#8220;10%&#8220; hover_transition_duration=&#8220;950ms&#8220; scroll_vertical_motion_enable=&#8220;off&#8220; hover_enabled=&#8220;0&#8243; header_font_size_tablet=&#8220;&#8220; header_font_size_phone=&#8220;19px&#8220; header_font_size_last_edited=&#8220;on|phone&#8220; global_colors_info=&#8220;{}&#8220; border_radii_image__hover_enabled=&#8220;on|hover&#8220; width__hover_enabled=&#8220;off|hover&#8220; header_font_size__hover_enabled=&#8220;off|hover&#8220; header_text_color__hover_enabled=&#8220;on|hover&#8220; header_text_color__hover=&#8220;#0397F4&#8243; sticky_enabled=&#8220;0&#8243;][\/et_pb_blog][\/et_pb_column][\/et_pb_row][\/et_pb_section]<\/p>\n","protected":false},"excerpt":{"rendered":"<p>Blog Coralie Channeling ArtMein Weg \u2013 gepr\u00e4gt von Ersch\u00f6pfung, Perfektionismus und tiefgreifenden \u00dcbergangsphasen \u2013 bildet das Fundament meiner Methode. Hier finden Sie die Artikel, die ich mir in den schwierigen Momenten meines Lebens gew\u00fcnscht h\u00e4tte.Ich teile mit Ihnen konkrete Impulse, um Ihre Blockaden zu verstehen und Sie auf Ihrem Weg zu einem Leben zu begleiten, [&hellip;]<\/p>\n","protected":false},"author":5,"featured_media":0,"parent":0,"menu_order":0,"comment_status":"closed","ping_status":"closed","template":"","meta":{"_acf_changed":false,"_et_pb_use_builder":"on","_et_pb_old_content":"","_et_gb_content_width":"","footnotes":""},"class_list":["post-6204","page","type-page","status-publish","hentry"],"acf":[],"_links":{"self":[{"href":"https:\/\/coraliechannelingart.com\/de\/wp-json\/wp\/v2\/pages\/6204","targetHints":{"allow":["GET"]}}],"collection":[{"href":"https:\/\/coraliechannelingart.com\/de\/wp-json\/wp\/v2\/pages"}],"about":[{"href":"https:\/\/coraliechannelingart.com\/de\/wp-json\/wp\/v2\/types\/page"}],"author":[{"embeddable":true,"href":"https:\/\/coraliechannelingart.com\/de\/wp-json\/wp\/v2\/users\/5"}],"replies":[{"embeddable":true,"href":"https:\/\/coraliechannelingart.com\/de\/wp-json\/wp\/v2\/comments?post=6204"}],"version-history":[{"count":4,"href":"https:\/\/coraliechannelingart.com\/de\/wp-json\/wp\/v2\/pages\/6204\/revisions"}],"predecessor-version":[{"id":6208,"href":"https:\/\/coraliechannelingart.com\/de\/wp-json\/wp\/v2\/pages\/6204\/revisions\/6208"}],"wp:attachment":[{"href":"https:\/\/coraliechannelingart.com\/de\/wp-json\/wp\/v2\/media?parent=6204"}],"curies":[{"name":"wp","href":"https:\/\/api.w.org\/{rel}","templated":true}]}}