{"id":4409,"date":"2025-08-08T17:49:21","date_gmt":"2025-08-08T17:49:21","guid":{"rendered":"https:\/\/coraliechannelingart.com\/allgemeine-geschaeftsbedingungen-agb\/"},"modified":"2025-08-15T16:42:04","modified_gmt":"2025-08-15T16:42:04","slug":"allgemeine-geschaeftsbedingungen-agb","status":"publish","type":"page","link":"https:\/\/coraliechannelingart.com\/de\/allgemeine-geschaeftsbedingungen-agb\/","title":{"rendered":"Allgemeine Gesch\u00e4ftsbedingungen (AGB)"},"content":{"rendered":"<p>[et_pb_section fb_built=&#8220;1&#8243; _builder_version=&#8220;4.27.4&#8243; _module_preset=&#8220;default&#8220; da_disable_devices=&#8220;off|off|off&#8220; global_colors_info=&#8220;{}&#8220; da_is_popup=&#8220;off&#8220; da_exit_intent=&#8220;off&#8220; da_has_close=&#8220;on&#8220; da_alt_close=&#8220;off&#8220; da_dark_close=&#8220;off&#8220; da_not_modal=&#8220;on&#8220; da_is_singular=&#8220;off&#8220; da_with_loader=&#8220;off&#8220; da_has_shadow=&#8220;on&#8220;][et_pb_row _builder_version=&#8220;4.27.4&#8243; _module_preset=&#8220;default&#8220; global_colors_info=&#8220;{}&#8220;][et_pb_column type=&#8220;4_4&#8243; _builder_version=&#8220;4.27.4&#8243; _module_preset=&#8220;default&#8220; global_colors_info=&#8220;{}&#8220;][et_pb_text _builder_version=&#8220;4.27.4&#8243; _module_preset=&#8220;default&#8220; header_font=&#8220;&#8211;et_global_body_font|500|||||||&#8220; global_colors_info=&#8220;{}&#8220;]<\/p>\n<h1 style=\"text-align: center;\">Allgemeine Gesch\u00e4ftsbedingungen (AGB)<\/h1>\n<p>[\/et_pb_text][\/et_pb_column][\/et_pb_row][et_pb_row _builder_version=&#8220;4.27.4&#8243; _module_preset=&#8220;default&#8220; global_colors_info=&#8220;{}&#8220;][et_pb_column type=&#8220;4_4&#8243; _builder_version=&#8220;4.27.4&#8243; _module_preset=&#8220;default&#8220; global_colors_info=&#8220;{}&#8220;][et_pb_text _builder_version=&#8220;4.27.4&#8243; _module_preset=&#8220;default&#8220; text_font=&#8220;&#8211;et_global_body_font||||||||&#8220; header_2_font=&#8220;&#8211;et_global_body_font||||||||&#8220; header_2_text_color=&#8220;#000000&#8243; header_3_font=&#8220;&#8211;et_global_body_font||||||||&#8220; header_3_text_color=&#8220;#000000&#8243; global_colors_info=&#8220;{}&#8220;]<\/p>\n<p><strong>D\u00e9voile GmbH<\/strong><br \/>Schauinsland 35 \u2013 73773 Aichwald<br \/>Phone: +49 71123001678<br \/>Mobile: +49 1728183983<br \/>contact@coralie.channeling.art.com<br \/><a href=\"http:\/\/www.coraliechannelingart.com\">www.coraliechannelingart.com<\/a><\/p>\n<p>IBAN: DE37 6115 0020 0104 7196 99<br \/>HRB Stuttgart: 793770<br \/>Steuer-Nr.: 59330\/33696<br \/>Ust-ID: DE367713570<br \/>Gesch\u00e4ftsf\u00fchrerin: Coralie Reichert<\/p>\n<h2>Pr\u00e4ambel<\/h2>\n<p>D\u00e9voile GmbH<br \/>Schauinsland 35<br \/>73773 Aichwald<br \/>contact@coraliechannelingart.com<br \/>RCS Stuttgart: HRB 793770<br \/>USt-ID: DE367713570<br \/>(nachfolgend &#8222;der Verk\u00e4ufer&#8220; genannt) und jeder nat\u00fcrlichen oder juristischen Person, die einen Kauf<br \/>\u00fcber die Website<br \/><a href=\"http:\/\/www.coraliechannelingart.com\">www.coraliechannelingart.com<\/a> t\u00e4tigt (nachfolgend &#8222;der K\u00e4ufer&#8220; genannt).<br \/>Jede Bestellung auf der Website<br \/><a href=\"http:\/\/www.coraliechannelingart.com\">www.coraliechannelingart.com<\/a> setzt die vorbehaltlose Annahme der vorliegenden AGB durch den<br \/>K\u00e4ufer voraus.<\/p>\n<h2>Artikel 1: Gegenstand<\/h2>\n<p>Gegenstand dieser AGB ist die Festlegung der Rechte und Pflichten der Parteien im Rahmen des<br \/>Online-Verkaufs der vom Verk\u00e4ufer angebotenen Kunstwerke.<\/p>\n<h2>Artikel 2: Produkte<\/h2>\n<p>Der Verk\u00e4ufer bietet zum Verkauf originelle Kunstwerke wie Gem\u00e4lde, Skulpturen, Schmuck,<br \/>Mosaikspiegel und Schmuck an.<br \/>Jedes Produkt wird auf der Website mit einer detaillierten Beschreibung (Titel, Abmessungen,<br \/>Materialien, Technik, Entstehungsjahr) pr\u00e4sentiert.<br \/>Die Fotografien und Abbildungen dienen lediglich als Anhaltspunkt.<br \/>Der Verk\u00e4ufer verpflichtet sich, dass die Beschreibungen der Realit\u00e4t so treu wie m\u00f6glich sind, kann<br \/>jedoch keine perfekte \u00c4hnlichkeit garantieren, insbesondere im Hinblick auf die Farben, die je nach<br \/>Bildschirm variieren k\u00f6nnen. <\/p>\n<h2>Artikel 3: Preise<\/h2>\n<p>Die Preise der Kunstwerke sind in Euro (\u20ac) angegeben und gelten als Nettopreise.<br \/>Gem\u00e4\u00df unserer Preispolitik sind die Transportkosten (Lieferung innerhalb Deutschlands und nach<br \/>Frankreich) im angezeigten Preis f\u00fcr jedes Werk enthalten.<br \/>Die Preise sind g\u00fcltig, solange sie auf der Website angezeigt werden.<br \/>Der Verk\u00e4ufer beh\u00e4lt sich das Recht vor, seine Preise jederzeit zu \u00e4ndern, ohne r\u00fcckwirkende Wirkung<br \/>auf best\u00e4tigte Bestellungen.<br \/>Die Preise f\u00fcr das SESAME-Angebot sind in Euro und inklusive aller Steuern angegeben.<br \/>Die Preise sind g\u00fcltig, solange sie auf der Website angezeigt werden. Der Verk\u00e4ufer beh\u00e4lt sich das<br \/>Recht vor, seine Preise jederzeit zu \u00e4ndern, ohne r\u00fcckwirkende Wirkung auf best\u00e4tigte Bestellungen.     <\/p>\n<h2>Artikel 4: Bestellung<\/h2>\n<p>F\u00fcr vorhandene und in der Galerie zum Verkauf stehende Kreationen:<br \/>Um eine Bestellung aufzugeben, muss der K\u00e4ufer die folgenden Schritte befolgen:<\/p>\n<ol>\n<li>Die gew\u00fcnschten Werke ausw\u00e4hlen und in den Warenkorb legen.<\/li>\n<li>Den Inhalt des Warenkorbs \u00fcberpr\u00fcfen und eventuelle Fehler korrigieren.<\/li>\n<li>Die Liefer- und Rechnungsdaten eingeben.<\/li>\n<li>Die Zahlungsmethode w\u00e4hlen.<\/li>\n<li>Die Bestellung best\u00e4tigen und die vorliegenden AGB akzeptieren.<br \/>Die Bestellung gilt erst nach vollst\u00e4ndigem Zahlungseingang beim Verk\u00e4ufer als endg\u00fcltig.<br \/>Der Kaufvertrag kommt mit der Best\u00e4tigung der Zahlung zustande.<br \/>Der Verk\u00e4ufer wird die Bestellung unverz\u00fcglich per E-Mail best\u00e4tigen und die Bestelldetails<br \/>zusammenfassen. <\/li>\n<\/ol>\n<p>F\u00fcr personalisierte Kreationen:<br \/>Um eine Bestellung aufzugeben, muss der K\u00e4ufer die folgenden Schritte befolgen:<\/p>\n<ol>\n<li>Einen Termin \u00fcber die Website coraliechannelingart.com vereinbaren.<\/li>\n<li>Valider le support de cr\u00e9ation (peinture, sculptures, miroir en mosa\u00efque) avec Coralie Reichert lors du rendez-vous t\u00e9l\u00e9phonique via Teams, Zoom, WhatsApp\u2026<\/li>\n<li>Das Erstellungsmedium (Gem\u00e4lde, Skulpturen, Mosaikspiegel) mit Coralie Reichert w\u00e4hrend<br \/>des Telefontermins \u00fcber Teams, Zoom, WhatsApp usw. festlegen.<\/li>\n<li>Das Medium der Kreation sowie deren Gr\u00f6\u00dfe ausw\u00e4hlen und in den Warenkorb legen.<\/li>\n<li>Den Inhalt des Warenkorbs \u00fcberpr\u00fcfen und eventuelle Fehler korrigieren<\/li>\n<li>Die Zahlungsmethode w\u00e4hlen.<\/li>\n<li>Die Bestellung best\u00e4tigen und die vorliegenden AGB akzeptieren, einschlie\u00dflich des<br \/>Ausschlusses des Widerrufsrechts (Artikel 8).<br \/>Die Bestellung gilt erst nach vollst\u00e4ndigem Zahlungseingang beim Verk\u00e4ufer als endg\u00fcltig.<br \/>Der Kaufvertrag kommt mit der Best\u00e4tigung der Zahlung zustande. <br \/>Der Versand des kanalisierten Werkes erfolgt ohne visuelle Best\u00e4tigung durch den Kunden, wobei das<br \/>Endergebnis im Ermessen von Coralie Reichert liegt, unter Einhaltung des urspr\u00fcnglichen Briefings.<br \/>Da das Werk eine einzigartige k\u00fcnstlerische Kreation ist, ist trotz der Vorgaben ein gewisser Spielraum<br \/>f\u00fcr k\u00fcnstlerische Interpretation inh\u00e4rent. <\/li>\n<\/ol>\n<p>F\u00fcr SESAME OUVRE TOI Leistungen:<\/p>\n<ol>\n<li>Einen Termin \u00fcber die Website coraliechannelingart.com vereinbaren.<\/li>\n<li>Die SESAME-Sitzung dauert 60 Minuten und findet online statt.<\/li>\n<li>Die Zahlung erfolgt \u00fcber die Website.<br \/>Die Bestellung gilt erst nach vollst\u00e4ndigem Zahlungseingang beim Verk\u00e4ufer als endg\u00fcltig.<br \/>Der Kaufvertrag kommt mit der Best\u00e4tigung der Zahlung zustande. <\/li>\n<\/ol>\n<h2>Artikel 5: Zahlung und Sicherheit<\/h2>\n<p>Die Zahlung von Bestellungen erfolgt per Kreditkarte (Visa, MasterCard) \u00fcber Stripe, Google Pay oder<br \/>Link (Schnellzahlung \u00fcber Stripe).<br \/>Die Zahlung ist gesichert. Es werden keine Bankdaten auf der Website gespeichert.<br \/>Die Transaktionen werden von Stripe gesichert.<br \/>Die \u00fcbermittelten Informationen werden mittels eines hochmodernen Sicherheits- und<br \/>Technologiesystems verschl\u00fcsselt.<br \/>Jegliche Garantie bez\u00fcglich der Sicherheit dieses Systems liegt vollst\u00e4ndig in der Verantwortung von<br \/>Stripe. <\/p>\n<h2>Artikel 6: Lieferung<\/h2>\n<p>Wie in Artikel 3 angegeben, sind die Transportkosten im Verkaufspreis der Werke enthalten.<br \/>Die Lieferungen erfolgen an die vom K\u00e4ufer bei der Bestellung angegebene Adresse.<br \/>Der Verk\u00e4ufer verpflichtet sich, die Werke innerhalb von 20 Werktagen ab Zahlungsbest\u00e4tigung zu<br \/>versenden.<br \/>Diese Frist ist indikativ und kann je nach Art des Werkes, Bestimmungsort und Spediteur variieren.<br \/>D\u00e9voile GmbH kann nicht f\u00fcr Verz\u00f6gerungen, die dem Spediteur zuzuschreiben sind, oder f\u00fcr F\u00e4lle<br \/>h\u00f6herer Gewalt haftbar gemacht werden.<br \/>Die Lieferungen werden von professionellen Spediteuren durchgef\u00fchrt. Eine<br \/>Sendungsverfolgungsnummer wird dem K\u00e4ufer sofort nach Versand der Bestellung mitgeteilt <br \/>Liefergebiete: Deutschland, Frankreich <br \/>Gefahren\u00fcbergang: Das Risiko des Verlusts oder der Besch\u00e4digung der Ware geht auf den K\u00e4ufer<br \/>\u00fcber, sobald der K\u00e4ufer oder ein von ihm benannter Dritter, der nicht der vom Verk\u00e4ufer angebotene<br \/>Spediteur ist, die Ware physisch in Besitz nimmt.<br \/>Empfang der Werke: Der K\u00e4ufer ist verpflichtet, den Zustand der Verpackung und die Unversehrtheit<br \/>des Werkes bei Erhalt zu \u00fcberpr\u00fcfen.<br \/>Im Falle eines o\u01afensichtlichen Schadens (ge\u00f6\u01afnetes Paket, besch\u00e4digtes Werk) muss der K\u00e4ufer die<br \/>Annahme der Lieferung unbedingt verweigern, indem er genaue Vorbehalte auf dem Lieferschein des<br \/>Spediteurs vermerkt, oder die Lieferung unter Vorbehalt der \u00dcberpr\u00fcfung annehmen und das Problem dem Verk\u00e4ufer unverz\u00fcglich per E-Mail mit Fotos innerhalb von 48 Stunden nach Erhalt melden.<br \/>Andernfalls gilt das Werk als in einwandfreiem Zustand geliefert. <\/p>\n<h2>Artikel 7: Widerrufsrecht<\/h2>\n<h3>7.1. F\u00fcr vorr\u00e4tige Werke, die \u00fcber die Galerie gekauft wurden:<\/h3>\n<p>Gem\u00e4\u00df den geltenden gesetzlichen Bestimmungen und insbesondere \u00a7 355 des B\u00fcrgerlichen<br \/>Gesetzbuches (BGB) steht dem K\u00e4ufer ein vierzehnt\u00e4giges (14) Widerrufsrecht ab Erhalt des Werkes<br \/>zu.<\/p>\n<p>Der Kunde tr\u00e4gt die Kosten der R\u00fccksendung.<\/p>\n<p>Um dieses Recht auszu\u00fcben, muss der K\u00e4ufer dem Verk\u00e4ufer seine Entscheidung durch eine<br \/>eindeutige Erkl\u00e4rung (z.B. per Post oder E-Mail) an folgende Adresse mitteilen: D\u00e9voile GmbH \u2013 CoralieReichert \u2013 Schauinsland 35 \u2013 73773 Aichwald oder contact@coralie.channeling.art.com.<\/p>\n<p>Der K\u00e4ufer kann das verf\u00fcgbare Muster-Widerrufsformular verwenden.<\/p>\n<p>Das Muster-Widerrufsformular steht Ihnen hier als PDF-Download zur Verf\u00fcgung:<br data-start=\"507\" data-end=\"510\"><a data-start=\"512\" data-end=\"665\" rel=\"noopener\" target=\"_new\" class=\"cursor-pointer\" href=\"https:\/\/coraliechannelingart.com\/wp-content\/uploads\/2025\/08\/Muster-Widerrufsformular-.pdf\">Widerrufsformular herunterladen (PDF)<\/a><\/p>\n<p>Im Falle eines Widerrufs muss der K\u00e4ufer das Werk auf eigene Kosten, in der Originalverpackung und<br \/>in einwandfreiem Zustand innerhalb von vierzehn (14) Tagen nach Mitteilung seiner<br \/>Widerrufsentscheidung an den Verk\u00e4ufer zur\u00fccksenden.<\/p>\n<p>Der Verk\u00e4ufer verpflichtet sich, dem K\u00e4ufer den gesamten gezahlten Betrag (Preis des Werkes)<br \/>innerhalb von vierzehn (14) Tagen nach Erhalt des zur\u00fcckgesandten Werkes oder des Nachweises des<br \/>Versands (ma\u00dfgeblich ist der fr\u00fchere Zeitpunkt) zu erstatten.<\/p>\n<p>Die R\u00fcckzahlung erfolgt mit demselben Zahlungsmittel, das der K\u00e4ufer f\u00fcr die urspr\u00fcngliche<br \/>Transaktion verwendet hat, es sei denn, der K\u00e4ufer hat ausdr\u00fccklich einer anderen Methode<br \/>zugestimmt.<\/p>\n<h3>7.2. F\u00fcr personalisierte Werke:<\/h3>\n<p>Gem\u00e4\u00df den geltenden gesetzlichen Bestimmungen, insbesondere \u00a7 312g Absatz 2 Nummer 1 des<br \/>B\u00fcrgerlichen Gesetzbuches (BGB), besteht das Widerrufsrecht nicht bei Vertr\u00e4gen zur Lieferung von<br \/>Waren, die nicht vorgefertigt sind und f\u00fcr deren Herstellung eine individuelle Auswahl oder<br \/>Bestimmung durch den Verbraucher ma\u00dfgeblich ist oder die eindeutig auf die pers\u00f6nlichen<br \/>Bed\u00fcrfnisse des Verbrauchers zugeschnitten sind.<\/p>\n<p>Vor Best\u00e4tigung einer Bestellung f\u00fcr ein personalisiertes Werk muss der Kunde folgende Erkl\u00e4rung<br \/>ankreuzen:<\/p>\n<p>&#8222;Ich verzichte hiermit ausdr\u00fccklich auf mein Widerrufsrecht f\u00fcr diese personalisierte Bestellung,<br \/>gem\u00e4\u00df \u00a7 312g Absatz 2 Nummer 1 des B\u00fcrgerlichen Gesetzbuches (BGB).&#8220;<\/p>\n<p>Personalisierte Werke (kanalisierte Bestellungen) sind vom Widerrufsrecht gem\u00e4\u00df \u00a7 312g Absatz 2<br \/>Nummer 1 des B\u00fcrgerlichen Gesetzbuches (BGB) ausgeschlossen.<\/p>\n<h2>Artikel 8: R\u00fcckgabe und R\u00fcckerstattung<\/h2>\n<p>Es werden keine R\u00fccksendungen ohne vorherige Zustimmung der D\u00e9voile GmbH akzeptiert.<\/p>\n<p>Im Falle einer genehmigten R\u00fccksendung erfolgt die R\u00fcckerstattung innerhalb von 14 Tagen nach<br \/>Erhalt des in einwandfreiem Zustand zur\u00fcckgesandten Werkes.<\/p>\n<h2>Artikel 9: Gesetzliche Gew\u00e4hrleistungen<\/h2>\n<p>Der Kunde profitiert von den gesetzlichen Gew\u00e4hrleistungen gem\u00e4\u00df den Bestimmungen der<br \/>Paragraphen 434 \u01af. des B\u00fcrgerlichen Gesetzbuches (BGB).<\/p>\n<h2>Artikel 10: Konformit\u00e4t und Verfahren bei Nichtkonformit\u00e4t<\/h2>\n<p>Der Verk\u00e4ufer garantiert, dass die Werke der auf der Website angegebenen Beschreibung<br \/>entsprechen.<\/p>\n<p>Die Werke sind originelle und einzigartige Kreationen und k\u00f6nnen geringf\u00fcgige Abweichungen<br \/>aufweisen, die dem k\u00fcnstlerischen Scha\u01afensprozess inh\u00e4rent sind.<\/p>\n<p>Verfahren bei Nichtkonformit\u00e4t f\u00fcr kanalisierte Werke: Der Kunde muss einen Mangel oder eine<br \/>Nichtkonformit\u00e4t des beim Gespr\u00e4ch mit Coralie Reichert vereinbarten Mediums melden, indem er<br \/>innerhalb von 30 Tagen nach Erhalt Fotos per E-Mail als Nachweis sendet.<\/p>\n<h2>Artikel 11: Verantwortlichkeiten<\/h2>\n<p>D\u00e9voile GmbH kann nicht haftbar gemacht werden bei:<\/p>\n<ul>\n<li>vor\u00fcbergehender Nichtverf\u00fcgbarkeit der Website<\/li>\n<li>Fehlern bei den vom Kunden eingegebenen Informationen<\/li>\n<li>Verz\u00f6gerungen oder Problemen im Zusammenhang mit dem Spediteur<\/li>\n<\/ul>\n<h2>Artikel 12: Geistiges Eigentum<\/h2>\n<p>Alle Werke, Texte und visuellen Elemente sind das ausschlie\u00dfliche Eigentum von Coralie Reichert.<\/p>\n<p>Jede Vervielf\u00e4ltigung oder Nutzung ohne Genehmigung ist untersagt.<\/p>\n<p>Der Erwerb eines Werkes verleiht dem K\u00e4ufer in keinem Fall ein Recht zur Vervielf\u00e4ltigung, Darstellung oder Nutzung desselben.<\/p>\n<p>Jede Vervielf\u00e4ltigung, Darstellung, Anpassung oder teilweise oder vollst\u00e4ndige Nutzung der Werke ist<br \/>ohne vorherige schriftliche Genehmigung des Verk\u00e4ufers strengstens untersagt.<\/p>\n<h2>Artikel 13: Personenbezogene Daten<\/h2>\n<p>Der Verk\u00e4ufer verpflichtet sich, die personenbezogenen Daten des K\u00e4ufers zu sch\u00fctzen.<br \/>Die bei der Bestellung erhobenen Informationen sind f\u00fcr die Bearbeitung und Lieferung notwendig.<br \/>Sie werden gem\u00e4\u00df unserer Datenschutzerkl\u00e4rung [Link zu Ihrer Datenschutzerkl\u00e4rung auf Ihrer<br \/>Website] und den geltenden Vorschriften (insbesondere der DSGVO) verarbeitet.  <\/p>\n<p>Der K\u00e4ufer hat das Recht auf Zugang, Berichtigung, L\u00f6schung und Widerspruch seiner<br \/>personenbezogenen Daten, das er durch Kontaktaufnahme mit dem Verk\u00e4ufer unter<br \/>contact@coraliechannelingart.com aus\u00fcben kann.<\/p>\n<h2>Artikel 14: Anwendbares Recht und Streitigkeiten<\/h2>\n<p>Alle Klauseln der vorliegenden Allgemeinen Gesch\u00e4ftsbedingungen sowie alle darauf bezogenen Kaufund Verkaufsvorg\u00e4nge unterliegen dem deutschen Recht.<br \/>Im Falle eines Rechtsstreits bem\u00fchen sich die Parteien um eine g\u00fctliche L\u00f6sung.<\/p>\n<p>Kommt keine g\u00fctliche Einigung zustande, so ist f\u00fcr alle Streitigkeiten bez\u00fcglich der Auslegung oder<br \/>Ausf\u00fchrung dieser AGB ausschlie\u00dflich die Zust\u00e4ndigkeit der Gerichte am Sitz Ihrer Gesellschaft in<br \/>[Stadt des Firmensitzes Ihrer Gesellschaft] gegeben. <\/p>\n<h2>Artikel 15: Begrenzung der Dienstleistungen und Verantwortlichkeiten (SESAME-Sitzungen)<\/h2>\n<p>Sie erkennen an, dass die SESAME-Sitzungen ausschlie\u00dflich der Unterst\u00fctzung Ihrer pers\u00f6nlichen<br \/>Entwicklung dienen.<\/p>\n<p>Die w\u00e4hrend der Sitzungen gegebenen Informationen stellen in keinem Fall medizinische Ratschl\u00e4ge<br \/>dar.<br \/>Wenn Sie k\u00f6rperliche oder psychische Probleme haben, m\u00fcssen Sie einen Fachmann konsultieren. <\/p>\n<p>Folglich verzichten Sie auf jegliche m\u00f6gliche Klage bez\u00fcglich der Auswirkungen, die die SESAMESitzungen haben k\u00f6nnten oder nicht haben k\u00f6nnten.<\/p>\n<p>Mit anderen Worten, die Haftung von Coralie Reichert kann nicht f\u00fcr Ergebnisse geltend gemacht<br \/>werden, die sich aus der Nutzung der auf der Website<br \/><a href=\"http:\/\/www.coraliechannelingart.com\">www.coraliechannelingart.com<\/a> angebotenen Informationen, Schulungen und Produkte ergeben oder<br \/>nicht ergeben.<\/p>\n<h2>Artikel 16: \u00c4nderungen der AGB<\/h2>\n<p>Der Verk\u00e4ufer beh\u00e4lt sich das Recht vor, die vorliegenden AGB jederzeit zu \u00e4ndern.<br \/>Die anwendbaren AGB sind die zum Zeitpunkt der Bestellung durch den K\u00e4ufer g\u00fcltigen. <\/p>\n<p>&nbsp;<\/p>\n<p>[\/et_pb_text][\/et_pb_column][\/et_pb_row][\/et_pb_section]<\/p>\n","protected":false},"excerpt":{"rendered":"<p>Allgemeine Gesch\u00e4ftsbedingungen (AGB)D\u00e9voile GmbHSchauinsland 35 \u2013 73773 AichwaldPhone: +49 71123001678Mobile: +49 1728183983contact@coralie.channeling.art.comwww.coraliechannelingart.com IBAN: DE37 6115 0020 0104 7196 99HRB Stuttgart: 793770Steuer-Nr.: 59330\/33696Ust-ID: DE367713570Gesch\u00e4ftsf\u00fchrerin: Coralie Reichert Pr\u00e4ambel D\u00e9voile GmbHSchauinsland 3573773 Aichwaldcontact@coraliechannelingart.comRCS Stuttgart: HRB 793770USt-ID: DE367713570(nachfolgend &#8222;der Verk\u00e4ufer&#8220; genannt) und jeder nat\u00fcrlichen oder juristischen Person, die einen Kauf\u00fcber die Websitewww.coraliechannelingart.com t\u00e4tigt (nachfolgend &#8222;der K\u00e4ufer&#8220; genannt).Jede Bestellung auf [&hellip;]<\/p>\n","protected":false},"author":1,"featured_media":0,"parent":0,"menu_order":0,"comment_status":"closed","ping_status":"closed","template":"","meta":{"_acf_changed":false,"_et_pb_use_builder":"on","_et_pb_old_content":"","_et_gb_content_width":"","footnotes":""},"class_list":["post-4409","page","type-page","status-publish","hentry"],"acf":[],"_links":{"self":[{"href":"https:\/\/coraliechannelingart.com\/de\/wp-json\/wp\/v2\/pages\/4409","targetHints":{"allow":["GET"]}}],"collection":[{"href":"https:\/\/coraliechannelingart.com\/de\/wp-json\/wp\/v2\/pages"}],"about":[{"href":"https:\/\/coraliechannelingart.com\/de\/wp-json\/wp\/v2\/types\/page"}],"author":[{"embeddable":true,"href":"https:\/\/coraliechannelingart.com\/de\/wp-json\/wp\/v2\/users\/1"}],"replies":[{"embeddable":true,"href":"https:\/\/coraliechannelingart.com\/de\/wp-json\/wp\/v2\/comments?post=4409"}],"version-history":[{"count":9,"href":"https:\/\/coraliechannelingart.com\/de\/wp-json\/wp\/v2\/pages\/4409\/revisions"}],"predecessor-version":[{"id":4898,"href":"https:\/\/coraliechannelingart.com\/de\/wp-json\/wp\/v2\/pages\/4409\/revisions\/4898"}],"wp:attachment":[{"href":"https:\/\/coraliechannelingart.com\/de\/wp-json\/wp\/v2\/media?parent=4409"}],"curies":[{"name":"wp","href":"https:\/\/api.w.org\/{rel}","templated":true}]}}