{"id":4393,"date":"2025-08-08T17:35:33","date_gmt":"2025-08-08T17:35:33","guid":{"rendered":"https:\/\/coraliechannelingart.com\/impressum\/"},"modified":"2025-08-15T16:42:56","modified_gmt":"2025-08-15T16:42:56","slug":"impressum","status":"publish","type":"page","link":"https:\/\/coraliechannelingart.com\/de\/impressum\/","title":{"rendered":"Impressum"},"content":{"rendered":"<p>[et_pb_section fb_built=&#8220;1&#8243; theme_builder_area=&#8220;post_content&#8220; _builder_version=&#8220;4.27.4&#8243; _module_preset=&#8220;default&#8220; da_is_popup=&#8220;off&#8220; da_exit_intent=&#8220;off&#8220; da_has_close=&#8220;on&#8220; da_alt_close=&#8220;off&#8220; da_dark_close=&#8220;off&#8220; da_not_modal=&#8220;on&#8220; da_is_singular=&#8220;off&#8220; da_with_loader=&#8220;off&#8220; da_has_shadow=&#8220;on&#8220; da_disable_devices=&#8220;off|off|off&#8220;][et_pb_row _builder_version=&#8220;4.27.4&#8243; _module_preset=&#8220;default&#8220; theme_builder_area=&#8220;post_content&#8220;][et_pb_column _builder_version=&#8220;4.27.4&#8243; _module_preset=&#8220;default&#8220; type=&#8220;4_4&#8243; theme_builder_area=&#8220;post_content&#8220;][et_pb_text _builder_version=&#8220;4.27.4&#8243; _module_preset=&#8220;default&#8220; theme_builder_area=&#8220;post_content&#8220; hover_enabled=&#8220;0&#8243; sticky_enabled=&#8220;0&#8243;]<\/p>\n<h1 style=\"text-align: center;\"><strong>Impressum \u2013 coraliechannelingart.com (vollst\u00e4ndig rechtskonform)<\/strong><\/h1>\n<p>[\/et_pb_text][\/et_pb_column][\/et_pb_row][et_pb_row _builder_version=&#8220;4.27.4&#8243; _module_preset=&#8220;default&#8220; theme_builder_area=&#8220;post_content&#8220;][et_pb_column _builder_version=&#8220;4.27.4&#8243; _module_preset=&#8220;default&#8220; type=&#8220;4_4&#8243; theme_builder_area=&#8220;post_content&#8220;][et_pb_text _builder_version=&#8220;4.27.4&#8243; _module_preset=&#8220;default&#8220; theme_builder_area=&#8220;post_content&#8220; hover_enabled=&#8220;0&#8243; sticky_enabled=&#8220;0&#8243; header_2_font=&#8220;&#8211;et_global_body_font||||||||&#8220; header_2_font_size=&#8220;20px&#8220; header_2_text_color=&#8220;#000000&#8243; text_font=&#8220;&#8211;et_global_body_font||||||||&#8220;]<\/p>\n<h2>1. Anbieterinformationen<\/h2>\n<p>Die Website <a href=\"http:\/\/www.coraliechannelingart.com\">www.coraliechannelingart.com<\/a> (nachfolgend \u201edie Website\u201c) wird betrieben von:<\/p>\n<p>D\u00e9voile GmbH<br \/>Rechtsform: Gesellschaft mit beschr\u00e4nkter Haftung (GmbH)<br \/>Sitz: Schauinsland 35, 73773 Aichwald, Deutschland<br \/>Handelsregister: Amtsgericht Stuttgart, HRB 793770<br \/>Steuernummer: 59330\/33696<br \/>Umsatzsteuer-Identifikationsnummer gem\u00e4\u00df \u00a7 27 a UStG: DE367713570<\/p>\n<p>Gesch\u00e4ftsf\u00fchrerin: Coralie Reichert<br \/>Telefon: +49 711 2300 1678<br \/>Mobil: +49 172 8183 983<br \/>E-Mail: contact@coralie.channeling.art.com<br \/>Website: <a href=\"http:\/\/www.coraliechannelingart.com\">www.coraliechannelingart.com<\/a><\/p>\n<p>Bankverbindung:<br \/>IBAN: DE37 6115 0020 0104 7196 99<\/p>\n<p>Diese Website ist ein Online-Shop f\u00fcr den Verkauf von originalen Kunstwerken und intuitiv erstellten, personalisierten Seelenbildern. Die Bestellungen erfolgen ohne Erstellung eines Kundenkontos. <\/p>\n<p>&nbsp;<\/p>\n<h2>2. Hosting<\/h2>\n<p>Die Website wird gehostet von:<br \/>Hostinger International Ltd.<br \/>61 Lordou Vironos Street<br \/>6023 Larnaca, Zypern<br \/>Website: www.hostinger.de<br \/>E-Mail (Support): <a href=\"mailto:support@hostinger.com\">support@hostinger.com<\/a><\/p>\n<p>&nbsp;<\/p>\n<h2>  3. 3. Urheberrecht<\/h2>\n<p>Alle Inhalte auf dieser Website (Texte, Bilder, Grafiken, Logos, Videos, Quellcode usw.) sind urheberrechtlich gesch\u00fctzt und Eigentum von Coralie Reichert oder ihrer Lizenzgeber.<br \/>Die Vervielf\u00e4ltigung, Verbreitung oder Verwendung dieser Inhalte ist ohne ausdr\u00fcckliche schriftliche Genehmigung nicht gestattet.<\/p>\n<p>&nbsp;<\/p>\n<h2>4. Datenschutz<\/h2>\n<p>Les donn\u00e9es collect\u00e9es via le Site (formulaire de contact, commande, navigation) sont trait\u00e9es conform\u00e9ment au R\u00e8glement G\u00e9n\u00e9ral sur la Protection des Donn\u00e9es (RGPD).<br \/>Personenbezogene Daten, die \u00fcber diese Website erhoben werden (z.\u202fB. Kontaktformular, Bestellungen, Nutzungsdaten), werden gem\u00e4\u00df der Datenschutz-Grundverordnung (DSGVO) verarbeitet.<br \/>Sie dienen ausschlie\u00dflich der Bestellabwicklung, Kundenkommunikation und statistischen Analyse.Elles sont utilis\u00e9es pour assurer le bon traitement des commandes, la gestion de la relation client et l\u2019analyse de la fr\u00e9quentation du Site.<\/p>\n<p>\ud83d\udc49 Weitere Informationen finden Sie in unserer Datenschutzerkl\u00e4rung:<br \/>\ud83d\udd17 Datenschutzerkl\u00e4rung<\/p>\n<p>&nbsp;<\/p>\n<h2>5. Cookies<\/h2>\n<p>Diese Website verwendet technisch notwendige Cookies sowie Analyse-Cookies (z.\u202fB. Google Analytics).<br \/>Beim ersten Besuch wird ein Cookie-Banner angezeigt, \u00fcber das Sie Ihre Zustimmung erteilen oder verweigern k\u00f6nnen.<br \/>Sie k\u00f6nnen Ihre Einstellungen jederzeit \u00fcber Ihren Browser \u00e4ndern.<\/p>\n<p>\ud83d\udd17 Datenschutzerkl\u00e4rung<\/p>\n<p>&nbsp;<\/p>\n<p>&nbsp;<\/p>\n<h2>6. Barrierefreiheit &amp; Kontakt<\/h2>\n<p>Diese Website ist f\u00fcr alle Nutzer:innen zug\u00e4nglich.<br \/>Sollten Sie beim Bestellprozess Unterst\u00fctzung ben\u00f6tigen, erreichen Sie uns telefonisch unter:<br \/>+49 711 2300 1678<\/p>\n<p>&nbsp;<\/p>\n<h2>7. Vertragssprachen<\/h2>\n<p>Die f\u00fcr den Vertragsabschluss zur Verf\u00fcgung stehenden Sprachen sind Deutsch und Franz\u00f6sisch.<\/p>\n<p>&nbsp;<\/p>\n<h2>8. Online-Streitbeilegung (ODR)<\/h2>\n<p>Gem\u00e4\u00df der EU-Verordnung Nr. 524\/2013 k\u00f6nnen Verbraucher:innen Beschwerden \u00fcber folgende Plattform einreichen:<br \/>\ud83d\udd17 https:\/\/ec.europa.eu\/consumers\/odr<\/p>\n<p>&nbsp;<\/p>\n<h2>9. Anwendbares Recht<\/h2>\n<p>Dieses Impressum und die Nutzung der Website unterliegen dem deutschen Recht.<br \/>Gerichtsstand ist, sofern gesetzlich zul\u00e4ssig, der Sitz der D\u00e9voile GmbH in Aichwald.<\/p>\n<p>&nbsp;<\/p>\n<p>[\/et_pb_text][\/et_pb_column][\/et_pb_row][\/et_pb_section]<\/p>\n","protected":false},"excerpt":{"rendered":"<p>Impressum \u2013 coraliechannelingart.com (vollst\u00e4ndig rechtskonform)1. Anbieterinformationen Die Website www.coraliechannelingart.com (nachfolgend \u201edie Website\u201c) wird betrieben von: D\u00e9voile GmbHRechtsform: Gesellschaft mit beschr\u00e4nkter Haftung (GmbH)Sitz: Schauinsland 35, 73773 Aichwald, DeutschlandHandelsregister: Amtsgericht Stuttgart, HRB 793770Steuernummer: 59330\/33696Umsatzsteuer-Identifikationsnummer gem\u00e4\u00df \u00a7 27 a UStG: DE367713570 Gesch\u00e4ftsf\u00fchrerin: Coralie ReichertTelefon: +49 711 2300 1678Mobil: +49 172 8183 983E-Mail: contact@coralie.channeling.art.comWebsite: www.coraliechannelingart.com Bankverbindung:IBAN: DE37 6115 0020 [&hellip;]<\/p>\n","protected":false},"author":5,"featured_media":0,"parent":0,"menu_order":0,"comment_status":"closed","ping_status":"closed","template":"","meta":{"_acf_changed":false,"_et_pb_use_builder":"on","_et_pb_old_content":"","_et_gb_content_width":"","footnotes":""},"class_list":["post-4393","page","type-page","status-publish","hentry"],"acf":[],"_links":{"self":[{"href":"https:\/\/coraliechannelingart.com\/de\/wp-json\/wp\/v2\/pages\/4393","targetHints":{"allow":["GET"]}}],"collection":[{"href":"https:\/\/coraliechannelingart.com\/de\/wp-json\/wp\/v2\/pages"}],"about":[{"href":"https:\/\/coraliechannelingart.com\/de\/wp-json\/wp\/v2\/types\/page"}],"author":[{"embeddable":true,"href":"https:\/\/coraliechannelingart.com\/de\/wp-json\/wp\/v2\/users\/5"}],"replies":[{"embeddable":true,"href":"https:\/\/coraliechannelingart.com\/de\/wp-json\/wp\/v2\/comments?post=4393"}],"version-history":[{"count":7,"href":"https:\/\/coraliechannelingart.com\/de\/wp-json\/wp\/v2\/pages\/4393\/revisions"}],"predecessor-version":[{"id":4900,"href":"https:\/\/coraliechannelingart.com\/de\/wp-json\/wp\/v2\/pages\/4393\/revisions\/4900"}],"wp:attachment":[{"href":"https:\/\/coraliechannelingart.com\/de\/wp-json\/wp\/v2\/media?parent=4393"}],"curies":[{"name":"wp","href":"https:\/\/api.w.org\/{rel}","templated":true}]}}