{"id":4319,"date":"2025-08-07T09:21:30","date_gmt":"2025-08-07T09:21:30","guid":{"rendered":"https:\/\/coraliechannelingart.com\/mosaike\/"},"modified":"2025-09-04T14:14:30","modified_gmt":"2025-09-04T14:14:30","slug":"mosaike","status":"publish","type":"page","link":"https:\/\/coraliechannelingart.com\/de\/mosaike\/","title":{"rendered":"Mosaike"},"content":{"rendered":"<p>[et_pb_section fb_built=&#8220;1&#8243; _builder_version=&#8220;4.27.4&#8243; _module_preset=&#8220;default&#8220; background_image=&#8220;https:\/\/coraliechannelingart.com\/wp-content\/uploads\/2025\/08\/mosaique-sur-mesure-d.webp&#8220; height=&#8220;60vh&#8220; da_disable_devices=&#8220;off|off|off&#8220; global_colors_info=&#8220;{}&#8220; da_is_popup=&#8220;off&#8220; da_exit_intent=&#8220;off&#8220; da_has_close=&#8220;on&#8220; da_alt_close=&#8220;off&#8220; da_dark_close=&#8220;off&#8220; da_not_modal=&#8220;on&#8220; da_is_singular=&#8220;off&#8220; da_with_loader=&#8220;off&#8220; da_has_shadow=&#8220;on&#8220;][\/et_pb_section][et_pb_section fb_built=&#8220;1&#8243; custom_padding_last_edited=&#8220;on|phone&#8220; _builder_version=&#8220;4.27.4&#8243; _module_preset=&#8220;default&#8220; custom_margin_tablet=&#8220;&#8220; custom_margin_phone=&#8220;||0px||false|false&#8220; custom_margin_last_edited=&#8220;on|phone&#8220; custom_padding_tablet=&#8220;&#8220; custom_padding_phone=&#8220;||0px||false|false&#8220; da_disable_devices=&#8220;off|off|off&#8220; global_colors_info=&#8220;{}&#8220; da_is_popup=&#8220;off&#8220; da_exit_intent=&#8220;off&#8220; da_has_close=&#8220;on&#8220; da_alt_close=&#8220;off&#8220; da_dark_close=&#8220;off&#8220; da_not_modal=&#8220;on&#8220; da_is_singular=&#8220;off&#8220; da_with_loader=&#8220;off&#8220; da_has_shadow=&#8220;on&#8220;][et_pb_row use_custom_gutter=&#8220;on&#8220; gutter_width=&#8220;2&#8243; make_equal=&#8220;on&#8220; _builder_version=&#8220;4.27.4&#8243; _module_preset=&#8220;default&#8220; max_width=&#8220;1600px&#8220; scroll_vertical_motion=&#8220;0|50|50|100|2|0|0&#8243; global_colors_info=&#8220;{}&#8220;][et_pb_column type=&#8220;4_4&#8243; _builder_version=&#8220;4.27.4&#8243; _module_preset=&#8220;default&#8220; global_colors_info=&#8220;{}&#8220;][et_pb_text _builder_version=&#8220;4.27.4&#8243; _module_preset=&#8220;default&#8220; text_font=&#8220;Montserrat||||||||&#8220; text_text_color=&#8220;#FFFFFF&#8220; header_font=&#8220;Montserrat|500|||||||&#8220; header_text_align=&#8220;center&#8220; header_text_color=&#8220;#0397F4&#8243; header_font_size=&#8220;48px&#8220; header_3_font=&#8220;Montserrat|500|||||||&#8220; header_3_text_align=&#8220;center&#8220; header_3_text_color=&#8220;#0397f4&#8243; header_3_font_size=&#8220;48px&#8220; custom_margin=&#8220;||3px|||&#8220; header_text_align_tablet=&#8220;&#8220; header_text_align_phone=&#8220;center&#8220; header_text_align_last_edited=&#8220;on|phone&#8220; header_font_size_tablet=&#8220;&#8220; header_font_size_phone=&#8220;30px&#8220; header_font_size_last_edited=&#8220;on|phone&#8220; header_3_font_size_tablet=&#8220;48px&#8220; header_3_font_size_phone=&#8220;30px&#8220; header_3_font_size_last_edited=&#8220;on|phone&#8220; global_colors_info=&#8220;{}&#8220;]<\/p>\n<h1><span data-contrast=\"auto\" xml:lang=\"FR-FR\" lang=\"FR-FR\" class=\"TextRun SCXW203248464 BCX0\"><span class=\"NormalTextRun SCXW203248464 BCX0\">Spiegelmosaike: Der Spiegel deines inneren Lichts<\/span><\/span><\/h1>\n<p>&nbsp;<\/p>\n<p>[\/et_pb_text][\/et_pb_column][\/et_pb_row][\/et_pb_section][et_pb_section fb_built=&#8220;1&#8243; admin_label=&#8220;About&#8220; _builder_version=&#8220;4.27.4&#8243; background_color=&#8220;#FFFFFF&#8220; background_enable_image=&#8220;off&#8220; custom_margin=&#8220;||0px||false|false&#8220; custom_padding=&#8220;0px||0px|||&#8220; da_disable_devices=&#8220;off|off|off&#8220; global_colors_info=&#8220;{}&#8220; da_is_popup=&#8220;off&#8220; da_exit_intent=&#8220;off&#8220; da_has_close=&#8220;on&#8220; da_alt_close=&#8220;off&#8220; da_dark_close=&#8220;off&#8220; da_not_modal=&#8220;on&#8220; da_is_singular=&#8220;off&#8220; da_with_loader=&#8220;off&#8220; da_has_shadow=&#8220;on&#8220;][et_pb_row column_structure=&#8220;1_2,1_2&#8243; make_equal=&#8220;on&#8220; _builder_version=&#8220;4.16&#8243; max_width=&#8220;1600px&#8220; global_colors_info=&#8220;{}&#8220;][et_pb_column type=&#8220;1_2&#8243; _builder_version=&#8220;4.16&#8243; global_colors_info=&#8220;{}&#8220;][et_pb_image src=&#8220;https:\/\/coraliechannelingart.com\/wp-content\/uploads\/2025\/08\/Miroirs-en-mosaique-scaled.webp&#8220; title_text=&#8220;Spiegelmosaike&#8220; _builder_version=&#8220;4.27.4&#8243; box_shadow_style=&#8220;preset4&#8243; box_shadow_blur=&#8220;12px&#8220; global_colors_info=&#8220;{}&#8220;][\/et_pb_image][\/et_pb_column][et_pb_column type=&#8220;1_2&#8243; _builder_version=&#8220;4.16&#8243; z_index=&#8220;10&#8243; custom_padding_tablet=&#8220;&#8220; custom_padding_phone=&#8220;&#8220; custom_padding_last_edited=&#8220;on|phone&#8220; global_colors_info=&#8220;{}&#8220;][et_pb_text _builder_version=&#8220;4.27.4&#8243; text_line_height=&#8220;2em&#8220; locked=&#8220;off&#8220; global_colors_info=&#8220;{}&#8220;]<\/p>\n<div dir=\"auto\" data-olk-copy-source=\"MessageBody\">\n<p><span data-contrast=\"auto\">Seit vielen Jahren wird mein k\u00fcnstlerischer Weg von einer tiefen Verbindung zu den Seelen getragen. Durch meine Gem\u00e4lde verbinde ich mich mit dem Licht, das im Innersten eines jeden Menschen leuchtet, und bringe es auf die Leinwand, damit es deinen Alltag erhellen kann. <\/span><span data-ccp-props=\"{\"335551550\":6,\"335551620\":6}\"> <\/span><\/p>\n<p><span data-contrast=\"auto\">Meine Kunst hat auch eine andere Dimension. Denn wenn es ein Objekt gibt, das uns mit dem Licht unseres eigenen Seins konfrontiert, dann ist es der Spiegel. Er spiegelt nicht nur unser \u00e4u\u00dferes Bild wider \u2013 er ist eine Einladung zur Betrachtung, ein Portal zu einer tieferen Introspektion.  <\/span><span data-ccp-props=\"{\"335551550\":6,\"335551620\":6}\"> <\/span><\/p>\n<p><span data-contrast=\"auto\">Aus dieser Sichtweise heraus sind meine Spiegelmosaike entstanden. F\u00fcr mich ist Mosaik nicht nur eine Technik \u2013 es ist die Sprache meiner Herkunft. Ich bin in Tunesien aufgewachsen, einem Land, in dem Mosaike jahrtausendealte Geschichten erz\u00e4hlen. Sie waren \u00fcberall pr\u00e4sent: im Haus meiner Eltern, in alten Bauwerken, auf den Mauern, die mich umgaben. Es ist ein Stil, der tief in mir verwurzelt ist \u2013 ein Symbol f\u00fcr geduldige Kunst, f\u00fcr eine Sch\u00f6nheit, die aus der Zerbrechlichkeit entsteht.    <\/span><span data-ccp-props=\"{\"335551550\":6,\"335551620\":6}\"> <\/span><\/p>\n<p><span data-contrast=\"auto\">So ist jeder Spiegel, den ich kreiere, eine Begegnung zweier Welten :<\/span><span data-ccp-props=\"{\"335551550\":6,\"335551620\":6}\"> <\/span><\/p>\n<ul>\n<li aria-setsize=\"-1\" data-leveltext=\"\uf0b7\" data-font=\"Symbol\" data-listid=\"2\" data-list-defn-props=\"{\"335552541\":1,\"335559685\":720,\"335559991\":360,\"469769226\":\"Symbol\",\"469769242\":[8226],\"469777803\":\"left\",\"469777804\":\"\uf0b7\",\"469777815\":\"multilevel\"}\" data-aria-posinset=\"1\" data-aria-level=\"1\"><b><span data-contrast=\"auto\">Jener deiner eigenen Spiegelung<\/span><\/b>, <span data-contrast=\"auto\">die dir dein inneres Licht zur\u00fcckgibt.<\/span><span data-ccp-props=\"{\"335551550\":6,\"335551620\":6}\"> <\/span><\/li>\n<\/ul>\n<ul>\n<li aria-setsize=\"-1\" data-leveltext=\"\uf0b7\" data-font=\"Symbol\" data-listid=\"2\" data-list-defn-props=\"{\"335552541\":1,\"335559685\":720,\"335559991\":360,\"469769226\":\"Symbol\",\"469769242\":[8226],\"469777803\":\"left\",\"469777804\":\"\uf0b7\",\"469777815\":\"multilevel\"}\" data-aria-posinset=\"2\" data-aria-level=\"1\"><b><span data-contrast=\"auto\">Und jener der Mosaik,<\/span><\/b><span data-contrast=\"auto\">, ein einzigartiger Rahmen, in dem sich tausende Fragmente aus Glas, Stein oder Keramik zu einer harmonischen Einheit verbinden. Jede einzelne Tessele ist wie eine Facette deiner Pers\u00f6nlichkeit, ein Teil deiner Geschichte, der \u2013 einmal zusammengef\u00fcgt \u2013 ein Werk von einzigartiger Sch\u00f6nheit und Kraft entstehen l\u00e4sst. <\/span><span data-ccp-props=\"{\"335551550\":6,\"335551620\":6}\"> <\/span><\/li>\n<\/ul>\n<p><span data-contrast=\"auto\">Es ist mir eine Ehre, diese Spiegel zu erschaffen \u2013 Objekte, die dir hoffentlich nicht nur dein \u00e4u\u00dferes Bild zeigen, sondern dich auch die Sch\u00f6nheit deines eigenen Lichts sp\u00fcren lassen \u2013 hervorgehoben durch eine Kunst, die die Seele meiner Kindheit in sich tr\u00e4gt.<\/span><span data-ccp-props=\"{\"335551550\":6,\"335551620\":6}\"> <\/span><\/p>\n<\/div>\n<p>[\/et_pb_text][\/et_pb_column][\/et_pb_row][\/et_pb_section][et_pb_section fb_built=&#8220;1&#8243; custom_padding_last_edited=&#8220;on|phone&#8220; _builder_version=&#8220;4.27.4&#8243; _module_preset=&#8220;default&#8220; custom_margin_tablet=&#8220;&#8220; custom_margin_phone=&#8220;||0px||false|false&#8220; custom_margin_last_edited=&#8220;on|phone&#8220; custom_padding_tablet=&#8220;&#8220; custom_padding_phone=&#8220;||0px||false|false&#8220; da_disable_devices=&#8220;off|off|off&#8220; global_colors_info=&#8220;{}&#8220; da_is_popup=&#8220;off&#8220; da_exit_intent=&#8220;off&#8220; da_has_close=&#8220;on&#8220; da_alt_close=&#8220;off&#8220; da_dark_close=&#8220;off&#8220; da_not_modal=&#8220;on&#8220; da_is_singular=&#8220;off&#8220; da_with_loader=&#8220;off&#8220; da_has_shadow=&#8220;on&#8220;][et_pb_row column_structure=&#8220;1_3,1_3,1_3&#8243; _builder_version=&#8220;4.27.4&#8243; _module_preset=&#8220;default&#8220; global_colors_info=&#8220;{}&#8220;][et_pb_column type=&#8220;1_3&#8243; _builder_version=&#8220;4.27.4&#8243; _module_preset=&#8220;default&#8220; global_colors_info=&#8220;{}&#8220;][et_pb_image src=&#8220;https:\/\/coraliechannelingart.com\/wp-content\/uploads\/2025\/08\/IMG_0881.webp&#8220; title_text=&#8220;IMG_0881&#8243; _builder_version=&#8220;4.27.4&#8243; _module_preset=&#8220;default&#8220; global_colors_info=&#8220;{}&#8220;][\/et_pb_image][\/et_pb_column][et_pb_column type=&#8220;1_3&#8243; _builder_version=&#8220;4.27.4&#8243; _module_preset=&#8220;default&#8220; global_colors_info=&#8220;{}&#8220;][et_pb_image src=&#8220;https:\/\/coraliechannelingart.com\/wp-content\/uploads\/2025\/08\/IMG_0882.webp&#8220; title_text=&#8220;IMG_0882&#8243; _builder_version=&#8220;4.27.4&#8243; _module_preset=&#8220;default&#8220; global_colors_info=&#8220;{}&#8220;][\/et_pb_image][\/et_pb_column][et_pb_column type=&#8220;1_3&#8243; _builder_version=&#8220;4.27.4&#8243; _module_preset=&#8220;default&#8220; global_colors_info=&#8220;{}&#8220;][et_pb_image src=&#8220;https:\/\/coraliechannelingart.com\/wp-content\/uploads\/2025\/08\/IMG_0880.webp&#8220; title_text=&#8220;IMG_0880&#8243; _builder_version=&#8220;4.27.4&#8243; _module_preset=&#8220;default&#8220; global_colors_info=&#8220;{}&#8220;][\/et_pb_image][\/et_pb_column][\/et_pb_row][\/et_pb_section][et_pb_section fb_built=&#8220;1&#8243; custom_padding_last_edited=&#8220;on|phone&#8220; _builder_version=&#8220;4.27.4&#8243; _module_preset=&#8220;default&#8220; background_enable_color=&#8220;off&#8220; background_enable_image=&#8220;off&#8220; custom_margin_tablet=&#8220;&#8220; custom_margin_phone=&#8220;0px||||false|false&#8220; custom_margin_last_edited=&#8220;on|phone&#8220; custom_padding_tablet=&#8220;&#8220; custom_padding_phone=&#8220;0px||0px||false|false&#8220; da_disable_devices=&#8220;off|off|off&#8220; global_colors_info=&#8220;{}&#8220; da_is_popup=&#8220;off&#8220; da_exit_intent=&#8220;off&#8220; da_has_close=&#8220;on&#8220; da_alt_close=&#8220;off&#8220; da_dark_close=&#8220;off&#8220; da_not_modal=&#8220;on&#8220; da_is_singular=&#8220;off&#8220; da_with_loader=&#8220;off&#8220; da_has_shadow=&#8220;on&#8220;][et_pb_row column_structure=&#8220;1_2,1_2&#8243; use_custom_gutter=&#8220;on&#8220; gutter_width=&#8220;2&#8243; make_equal=&#8220;on&#8220; module_class=&#8220;inverse&#8220; _builder_version=&#8220;4.27.4&#8243; _module_preset=&#8220;default&#8220; background_enable_image=&#8220;off&#8220; parallax=&#8220;on&#8220; parallax_method=&#8220;off&#8220; max_width=&#8220;100%&#8220; custom_padding=&#8220;2%|0px|2%|0px|true|true&#8220; global_colors_info=&#8220;{}&#8220;][et_pb_column type=&#8220;1_2&#8243; _builder_version=&#8220;4.27.4&#8243; _module_preset=&#8220;default&#8220; custom_padding=&#8220;15%||||false|false&#8220; sticky_limit_bottom=&#8220;section&#8220; global_colors_info=&#8220;{}&#8220;][et_pb_text _builder_version=&#8220;4.27.4&#8243; _module_preset=&#8220;default&#8220; text_font=&#8220;Montserrat||||||||&#8220; text_text_color=&#8220;#FFFFFF&#8220; header_3_font=&#8220;Montserrat|500|||||||&#8220; header_3_text_align=&#8220;center&#8220; header_3_text_color=&#8220;#0397f4&#8243; header_3_font_size=&#8220;48px&#8220; custom_margin=&#8220;||3px|||&#8220; header_3_font_size_tablet=&#8220;48px&#8220; header_3_font_size_phone=&#8220;30px&#8220; header_3_font_size_last_edited=&#8220;on|desktop&#8220; global_colors_info=&#8220;{}&#8220;]<\/p>\n<h3>Individuelle Kreationen auf Anfrage<\/h3>\n<p>&nbsp;<\/p>\n<p>[\/et_pb_text][et_pb_text _builder_version=&#8220;4.27.4&#8243; _module_preset=&#8220;default&#8220; text_font=&#8220;Montserrat||||||||&#8220; text_text_color=&#8220;#000000&#8243; header_3_font=&#8220;Montserrat|600||on|||||&#8220; header_3_text_color=&#8220;#FFFFFF&#8220; global_colors_info=&#8220;{}&#8220;]<\/p>\n<p data-start=\"219\" data-end=\"432\">Jedes Spiegelmosaik, das ich anfertige, ist ein Unikat \u2013 mit Sorgfalt und Intention gestaltet.<br data-start=\"309\" data-end=\"312\">Ich biete keinen Direktverkauf online an: Diese Werke entstehen ausschlie\u00dflich <strong data-start=\"384\" data-end=\"400\">auf Bestellung<\/strong>, nach einem pers\u00f6nlichen Austausch.<\/p>\n<p data-start=\"434\" data-end=\"675\">Wenn du den Wunsch nach einer individuellen Kreation hast \u2013 Format, Farben, Intention, Ort der Installation \u2026 \u2013 lade ich dich herzlich zu einem<strong data-start=\"466\" data-end=\"495\"> 20-min\u00fctigen Gespr\u00e4ch ein<\/strong>, um gemeinsam dar\u00fcber zu sprechen.<br data-start=\"581\" data-end=\"584\">Ich h\u00f6re dir zu und erstelle dir ein <strong data-start=\"625\" data-end=\"645\">ma\u00dfgeschneidertes Angebot<\/strong>, das ganz auf dein Projekt abgestimmt ist.<\/p>\n<p data-start=\"434\" data-end=\"675\">Kontaktiere mich, um gemeinsam dein pers\u00f6nliches Mosaik zu entwerfen.<\/p>\n<p>[\/et_pb_text][et_pb_button button_url=&#8220;#calendly&#8220; button_text=&#8220;Termin vereinbaren&#8220; button_alignment=&#8220;center&#8220; _builder_version=&#8220;4.27.4&#8243; _module_preset=&#8220;default&#8220; custom_button=&#8220;on&#8220; button_text_size=&#8220;18px&#8220; button_text_color=&#8220;#FFFFFF&#8220; button_bg_color=&#8220;#999999&#8243; button_use_icon=&#8220;off&#8220; transform_translate_linked__hover=&#8220;off&#8220; position_origin_f=&#8220;top_right&#8220; custom_margin=&#8220;||||false|false&#8220; custom_padding=&#8220;||||false|false&#8220; global_colors_info=&#8220;{}&#8220; button_bg_color__hover_enabled=&#8220;on|hover&#8220; button_bg_color__hover=&#8220;#007fba&#8220; button_bg_enable_color__hover=&#8220;on&#8220; transform_styles__hover_enabled=&#8220;on|hover&#8220; transform_scale__hover_enabled=&#8220;on|hover&#8220; transform_translate__hover_enabled=&#8220;on|hover&#8220; transform_rotate__hover_enabled=&#8220;on|desktop&#8220; transform_skew__hover_enabled=&#8220;on|desktop&#8220; transform_origin__hover_enabled=&#8220;on|desktop&#8220; transform_scale__hover=&#8220;90%|90%&#8220; button_text_color__hover_enabled=&#8220;on|hover&#8220; button_text_color__hover=&#8220;#FFFFFF&#8220;][\/et_pb_button][\/et_pb_column][et_pb_column type=&#8220;1_2&#8243; _builder_version=&#8220;4.27.4&#8243; _module_preset=&#8220;default&#8220; sticky_limit_bottom=&#8220;section&#8220; global_colors_info=&#8220;{}&#8220;][et_pb_image src=&#8220;https:\/\/coraliechannelingart.com\/wp-content\/uploads\/2025\/08\/IMG_0886-scaled.jpg&#8220; title_text=&#8220;IMG_0886&#8243; _builder_version=&#8220;4.27.4&#8243; _module_preset=&#8220;default&#8220; width=&#8220;100%&#8220; global_colors_info=&#8220;{}&#8220;][\/et_pb_image][\/et_pb_column][\/et_pb_row][\/et_pb_section][et_pb_section fb_built=&#8220;1&#8243; _builder_version=&#8220;4.27.4&#8243; _module_preset=&#8220;default&#8220; da_disable_devices=&#8220;off|off|off&#8220; global_colors_info=&#8220;{}&#8220; da_is_popup=&#8220;off&#8220; da_exit_intent=&#8220;off&#8220; da_has_close=&#8220;on&#8220; da_alt_close=&#8220;off&#8220; da_dark_close=&#8220;off&#8220; da_not_modal=&#8220;on&#8220; da_is_singular=&#8220;off&#8220; da_with_loader=&#8220;off&#8220; da_has_shadow=&#8220;on&#8220;][et_pb_row _builder_version=&#8220;4.27.4&#8243; _module_preset=&#8220;default&#8220; background_image=&#8220;https:\/\/coraliechannelingart.com\/wp-content\/uploads\/2025\/08\/Miroirs-en-mosaique-interieur.webp&#8220; width=&#8220;100%&#8220; max_width=&#8220;100%&#8220; height=&#8220;80vh&#8220; global_colors_info=&#8220;{}&#8220;][et_pb_column type=&#8220;4_4&#8243; _builder_version=&#8220;4.27.4&#8243; _module_preset=&#8220;default&#8220; global_colors_info=&#8220;{}&#8220;][\/et_pb_column][\/et_pb_row][\/et_pb_section]<\/p>\n","protected":false},"excerpt":{"rendered":"<p>Spiegelmosaike: Der Spiegel deines inneren Lichts &nbsp; Seit vielen Jahren wird mein k\u00fcnstlerischer Weg von einer tiefen Verbindung zu den Seelen getragen. Durch meine Gem\u00e4lde verbinde ich mich mit dem Licht, das im Innersten eines jeden Menschen leuchtet, und bringe es auf die Leinwand, damit es deinen Alltag erhellen kann. Meine Kunst hat auch eine [&hellip;]<\/p>\n","protected":false},"author":1,"featured_media":0,"parent":0,"menu_order":0,"comment_status":"closed","ping_status":"closed","template":"","meta":{"_acf_changed":false,"_et_pb_use_builder":"on","_et_pb_old_content":"","_et_gb_content_width":"","footnotes":""},"class_list":["post-4319","page","type-page","status-publish","hentry"],"acf":[],"_links":{"self":[{"href":"https:\/\/coraliechannelingart.com\/de\/wp-json\/wp\/v2\/pages\/4319","targetHints":{"allow":["GET"]}}],"collection":[{"href":"https:\/\/coraliechannelingart.com\/de\/wp-json\/wp\/v2\/pages"}],"about":[{"href":"https:\/\/coraliechannelingart.com\/de\/wp-json\/wp\/v2\/types\/page"}],"author":[{"embeddable":true,"href":"https:\/\/coraliechannelingart.com\/de\/wp-json\/wp\/v2\/users\/1"}],"replies":[{"embeddable":true,"href":"https:\/\/coraliechannelingart.com\/de\/wp-json\/wp\/v2\/comments?post=4319"}],"version-history":[{"count":9,"href":"https:\/\/coraliechannelingart.com\/de\/wp-json\/wp\/v2\/pages\/4319\/revisions"}],"predecessor-version":[{"id":5062,"href":"https:\/\/coraliechannelingart.com\/de\/wp-json\/wp\/v2\/pages\/4319\/revisions\/5062"}],"wp:attachment":[{"href":"https:\/\/coraliechannelingart.com\/de\/wp-json\/wp\/v2\/media?parent=4319"}],"curies":[{"name":"wp","href":"https:\/\/api.w.org\/{rel}","templated":true}]}}