{"id":4026,"date":"2025-06-19T19:58:21","date_gmt":"2025-06-19T19:58:21","guid":{"rendered":"https:\/\/coraliechannelingart.com\/ueber\/"},"modified":"2025-09-15T19:54:57","modified_gmt":"2025-09-15T19:54:57","slug":"ueber","status":"publish","type":"page","link":"https:\/\/coraliechannelingart.com\/de\/ueber\/","title":{"rendered":"\u00dcber"},"content":{"rendered":"<p>[et_pb_section fb_built=&#8220;1&#8243; admin_label=&#8220;About&#8220; _builder_version=&#8220;4.27.4&#8243; background_enable_image=&#8220;off&#8220; min_height=&#8220;1339.8px&#8220; custom_margin=&#8220;||0px||false|false&#8220; custom_padding=&#8220;2%||0px||false|false&#8220; da_disable_devices=&#8220;off|off|off&#8220; global_colors_info=&#8220;{}&#8220; da_is_popup=&#8220;off&#8220; da_exit_intent=&#8220;off&#8220; da_has_close=&#8220;on&#8220; da_alt_close=&#8220;off&#8220; da_dark_close=&#8220;off&#8220; da_not_modal=&#8220;on&#8220; da_is_singular=&#8220;off&#8220; da_with_loader=&#8220;off&#8220; da_has_shadow=&#8220;on&#8220;][et_pb_row _builder_version=&#8220;4.25.1&#8243; _module_preset=&#8220;default&#8220; global_colors_info=&#8220;{}&#8220;][et_pb_column type=&#8220;4_4&#8243; _builder_version=&#8220;4.25.1&#8243; _module_preset=&#8220;default&#8220; global_colors_info=&#8220;{}&#8220;][et_pb_text _builder_version=&#8220;4.27.4&#8243; text_line_height=&#8220;2em&#8220; header_font=&#8220;&#8211;et_global_body_font|500|||||||&#8220; header_text_color=&#8220;#0397F4&#8243; header_font_size=&#8220;48px&#8220; header_2_font=&#8220;Montserrat|500|||||||&#8220; header_2_text_color=&#8220;#0397F4&#8243; header_2_font_size=&#8220;48px&#8220; header_2_line_height=&#8220;1.2em&#8220; text_orientation=&#8220;center&#8220; header_font_size_tablet=&#8220;48px&#8220; header_font_size_phone=&#8220;30px&#8220; header_font_size_last_edited=&#8220;on|phone&#8220; header_2_font_size_tablet=&#8220;40px&#8220; header_2_font_size_phone=&#8220;30px&#8220; header_2_font_size_last_edited=&#8220;on|phone&#8220; locked=&#8220;off&#8220; global_colors_info=&#8220;{}&#8220;]<\/p>\n<h1>Intuitive Kunst &amp; k\u00fcnstlerisches Channeling: wenn Kunst Ihr Licht sichtbar macht<\/h1>\n<p>[\/et_pb_text][\/et_pb_column][\/et_pb_row][et_pb_row column_structure=&#8220;1_2,1_2&#8243; make_equal=&#8220;on&#8220; _builder_version=&#8220;4.16&#8243; max_width=&#8220;1600px&#8220; global_colors_info=&#8220;{}&#8220;][et_pb_column type=&#8220;1_2&#8243; _builder_version=&#8220;4.16&#8243; global_colors_info=&#8220;{}&#8220;][et_pb_image src=&#8220;https:\/\/coraliechannelingart.com\/wp-content\/uploads\/2025\/09\/coralie-channeling-art-peinture-fleurs.webp&#8220; title_text=&#8220;coralie-channeling-art-peinture-fleurs&#8220; _builder_version=&#8220;4.27.4&#8243; hover_enabled=&#8220;0&#8243; box_shadow_style=&#8220;preset4&#8243; box_shadow_blur=&#8220;12px&#8220; global_colors_info=&#8220;{}&#8220; alt=&#8220;Femme peignant une toile color\u00e9e repr\u00e9sentant des fleurs, en plein air, dans un jardin | Coralie channeling art&#8220; sticky_enabled=&#8220;0&#8243;][\/et_pb_image][\/et_pb_column][et_pb_column type=&#8220;1_2&#8243; _builder_version=&#8220;4.16&#8243; z_index=&#8220;10&#8243; custom_padding_tablet=&#8220;&#8220; custom_padding_phone=&#8220;&#8220; custom_padding_last_edited=&#8220;on|phone&#8220; global_colors_info=&#8220;{}&#8220;][et_pb_text _builder_version=&#8220;4.27.4&#8243; text_font=&#8220;Montserrat||||||||&#8220; text_text_color=&#8220;#000000&#8243; text_line_height=&#8220;2em&#8220; locked=&#8220;off&#8220; global_colors_info=&#8220;{}&#8220;]<\/p>\n<div dir=\"auto\" data-olk-copy-source=\"MessageBody\">\n<p><span data-contrast=\"none\">Wenn Sie an Energien glauben, wissen Sie, dass alles Schwingung und Information ist. Alles um uns herum beeinflusst unsere eigene Energie. <\/span><span data-ccp-props=\"{\"335551550\":6,\"335551620\":6,\"335559685\":720}\"> <\/span><\/p>\n<p><span data-contrast=\"none\">Als hochsensibler Mensch habe ich immer versucht, Harmonie um mich herum zu schaffen \u2013 in meiner Arbeit und besonders zu Hause, um mich zu \u201eberuhigen, zu\u201c inspirieren und meine Schwingung zu erh\u00f6hen. <\/span><span data-ccp-props=\"{\"335551550\":6,\"335551620\":6,\"335559685\":720}\"> <\/span><\/p>\n<p><span data-contrast=\"none\">Farben, Formen, Objekte und ihre Platzierung in unseren Innenr\u00e4umen haben viel mehr Einfluss, als wir denken.<\/span><span data-ccp-props=\"{\"335551550\":6,\"335551620\":6,\"335559685\":720}\"> <\/span><\/p>\n<p><span data-contrast=\"none\">Diese Sensibilit\u00e4t hat es mir von klein auf erm\u00f6glicht, Botschaften aufzunehmen und die Herausforderungen jedes Einzelnen wahrzunehmen. <\/span><span data-ccp-props=\"{\"335551550\":6,\"335551620\":6,\"335559685\":720}\"> <\/span><\/p>\n<p><span data-contrast=\"none\">Ich suche tief in den Seelen nach diesem manchmal verborgenen Licht, bereit, seine volle Kraft zu offenbaren und die Welt auf seine eigene Weise zu erleuchten.<\/span><span data-ccp-props=\"{\"335551550\":6,\"335551620\":6,\"335559685\":720}\"> <\/span><\/p>\n<p><span data-contrast=\"none\">Was w\u00e4re, wenn ein Kunstwerk es greifbar machen k\u00f6nnte? Ich erfasse Ihre inneren Farben, Ihre subtilen Emotionen, Ihre tiefen Sehns\u00fcchte&#8230; und verwandle sie dann in Formen, Texturen, Nuancen.  <\/span><span data-ccp-props=\"{\"335551550\":6,\"335551620\":6,\"335559685\":720}\"> <\/span><\/p>\n<p><span data-contrast=\"none\">Das Ergebnis: ein lebendiges Werk, voller Sinn und Energie, nur f\u00fcr Sie geschaffen.<\/span><span data-ccp-props=\"{\"335551550\":6,\"335551620\":6,\"335559685\":720}\"> <\/span><\/p>\n<p><span data-contrast=\"none\">Ich biete Ihnen ein erstes, unverbindliches Kennenlerngespr\u00e4ch von 15-20 Minuten an. <\/span><\/p>\n<p><span data-contrast=\"none\">Ich werde Ihnen meine Kreation zusenden, eine detaillierte \u201eLesung\u201c der Botschaften, die ich f\u00fcr Sie empfangen habe, und die tiefen Gr\u00fcnde hinter jeder Farbe, jeder Form, jedem verwendeten Stein.<\/span><span data-ccp-props=\"{\"335551550\":6,\"335551620\":6,\"335559685\":720}\"> <\/span><\/p>\n<p><span data-contrast=\"none\">Sind Sie bereit, sich zu offenbaren und Ihr Licht erbl\u00fchen zu lassen? <\/span><span data-ccp-props=\"{\"335551550\":6,\"335551620\":6,\"335559685\":720}\"> <\/span><\/p>\n<p><span data-contrast=\"none\">Kontaktieren Sie mich und vereinbaren Sie einen Termin, um Ihr personalisiertes Kunstwerk zu erhalten. <\/span><span data-ccp-props=\"{\"335551550\":6,\"335551620\":6,\"335559685\":720}\"> <\/span><\/p>\n<p><span data-contrast=\"none\">Sie haben nat\u00fcrlich die Wahl des gew\u00fcnschten Mediums (B\u00e4ume, Gem\u00e4lde, Mosaike).<\/span><span data-ccp-props=\"{\"335559685\":720}\"> <\/span><\/p>\n<p><span data-contrast=\"none\">F\u00fcr den Rest vertrauen Sie sich selbst, Sie strahlen bereits!<\/span><span data-ccp-props=\"{\"335559685\":720}\"> <\/span><\/p>\n<\/div>\n<p>[\/et_pb_text][et_pb_button button_url=&#8220;https:\/\/calendly.com\/coralie-channeling-art\/appointment-with-coralie-reichert&#8220; button_text=&#8220;Termin vereinbaren&#8220; button_alignment=&#8220;center&#8220; _builder_version=&#8220;4.27.4&#8243; _module_preset=&#8220;default&#8220; custom_button=&#8220;on&#8220; button_text_size=&#8220;18px&#8220; button_text_color=&#8220;#FFFFFF&#8220; button_bg_color=&#8220;#999999&#8243; button_use_icon=&#8220;off&#8220; transform_translate_linked__hover=&#8220;off&#8220; position_origin_f=&#8220;top_right&#8220; custom_margin=&#8220;||||false|false&#8220; custom_padding=&#8220;||||false|false&#8220; global_colors_info=&#8220;{}&#8220; button_bg_color__hover_enabled=&#8220;on|hover&#8220; button_bg_color__hover=&#8220;#007fba&#8220; button_bg_enable_color__hover=&#8220;on&#8220; transform_styles__hover_enabled=&#8220;on|hover&#8220; transform_scale__hover_enabled=&#8220;on|hover&#8220; transform_translate__hover_enabled=&#8220;on|hover&#8220; transform_rotate__hover_enabled=&#8220;on|desktop&#8220; transform_skew__hover_enabled=&#8220;on|desktop&#8220; transform_origin__hover_enabled=&#8220;on|desktop&#8220; transform_scale__hover=&#8220;90%|90%&#8220; button_text_color__hover_enabled=&#8220;on|hover&#8220; button_text_color__hover=&#8220;#FFFFFF&#8220;][\/et_pb_button][\/et_pb_column][\/et_pb_row][\/et_pb_section]<\/p>\n","protected":false},"excerpt":{"rendered":"<p>Intuitive Kunst &amp; k\u00fcnstlerisches Channeling: wenn Kunst Ihr Licht sichtbar macht Wenn Sie an Energien glauben, wissen Sie, dass alles Schwingung und Information ist. Alles um uns herum beeinflusst unsere eigene Energie. Als hochsensibler Mensch habe ich immer versucht, Harmonie um mich herum zu schaffen \u2013 in meiner Arbeit und besonders zu Hause, um mich [&hellip;]<\/p>\n","protected":false},"author":1,"featured_media":0,"parent":0,"menu_order":0,"comment_status":"closed","ping_status":"closed","template":"","meta":{"_acf_changed":false,"_et_pb_use_builder":"on","_et_pb_old_content":"","_et_gb_content_width":"","footnotes":""},"class_list":["post-4026","page","type-page","status-publish","hentry"],"acf":[],"_links":{"self":[{"href":"https:\/\/coraliechannelingart.com\/de\/wp-json\/wp\/v2\/pages\/4026","targetHints":{"allow":["GET"]}}],"collection":[{"href":"https:\/\/coraliechannelingart.com\/de\/wp-json\/wp\/v2\/pages"}],"about":[{"href":"https:\/\/coraliechannelingart.com\/de\/wp-json\/wp\/v2\/types\/page"}],"author":[{"embeddable":true,"href":"https:\/\/coraliechannelingart.com\/de\/wp-json\/wp\/v2\/users\/1"}],"replies":[{"embeddable":true,"href":"https:\/\/coraliechannelingart.com\/de\/wp-json\/wp\/v2\/comments?post=4026"}],"version-history":[{"count":15,"href":"https:\/\/coraliechannelingart.com\/de\/wp-json\/wp\/v2\/pages\/4026\/revisions"}],"predecessor-version":[{"id":5110,"href":"https:\/\/coraliechannelingart.com\/de\/wp-json\/wp\/v2\/pages\/4026\/revisions\/5110"}],"wp:attachment":[{"href":"https:\/\/coraliechannelingart.com\/de\/wp-json\/wp\/v2\/media?parent=4026"}],"curies":[{"name":"wp","href":"https:\/\/api.w.org\/{rel}","templated":true}]}}